{"id":28771,"date":"2023-10-10T12:05:16","date_gmt":"2023-10-10T09:05:16","guid":{"rendered":"https:\/\/conoscanopy.com\/product\/tume-pronks-varikatuse-polukarbonaat-700x700mm\/"},"modified":"2024-11-12T18:37:40","modified_gmt":"2024-11-12T16:37:40","slug":"tume-pronks-varikatuse-polukarbonaat-700x700mm","status":"publish","type":"product","link":"https:\/\/conoscanopy.com\/et\/toode\/tume-pronks-varikatuse-polukarbonaat-700x700mm\/","title":{"rendered":"Tume (pronks) varikatuse pol\u00fckarbonaat 700x700mm"},"content":{"rendered":"<p>M\u00f5\u00f5dud ja kaal:<\/p>\n<p>Sektsiooni laius (mm) &#8211; 700&#215;700<br \/>\nKaal koos pakendiga, 1 kg<\/p>\n","protected":false},"excerpt":{"rendered":"<p>Pol\u00fckarbonaad &#8211; tume (pronks).<br \/>\nPoorne pol\u00fckarbonaat, 6 mm<br \/>\nPol\u00fckarbonaati kvaliteet &#8211; polukarbonaati kaal 1100 g\/m2<\/p>\n","protected":false},"featured_media":28390,"template":"","meta":[],"product_brand":[],"product_cat":[113],"product_tag":[],"woo-feed-brand":[],"class_list":{"0":"post-28771","1":"product","2":"type-product","3":"status-publish","4":"has-post-thumbnail","6":"product_cat-komponendid","8":"first","9":"instock","10":"shipping-taxable","11":"purchasable","12":"product-type-simple"},"_links":{"self":[{"href":"https:\/\/conoscanopy.com\/et\/wp-json\/wp\/v2\/product\/28771","targetHints":{"allow":["GET"]}}],"collection":[{"href":"https:\/\/conoscanopy.com\/et\/wp-json\/wp\/v2\/product"}],"about":[{"href":"https:\/\/conoscanopy.com\/et\/wp-json\/wp\/v2\/types\/product"}],"version-history":[{"count":1,"href":"https:\/\/conoscanopy.com\/et\/wp-json\/wp\/v2\/product\/28771\/revisions"}],"predecessor-version":[{"id":29605,"href":"https:\/\/conoscanopy.com\/et\/wp-json\/wp\/v2\/product\/28771\/revisions\/29605"}],"wp:featuredmedia":[{"embeddable":true,"href":"https:\/\/conoscanopy.com\/et\/wp-json\/wp\/v2\/media\/28390"}],"wp:attachment":[{"href":"https:\/\/conoscanopy.com\/et\/wp-json\/wp\/v2\/media?parent=28771"}],"wp:term":[{"taxonomy":"product_brand","embeddable":true,"href":"https:\/\/conoscanopy.com\/et\/wp-json\/wp\/v2\/product_brand?post=28771"},{"taxonomy":"product_cat","embeddable":true,"href":"https:\/\/conoscanopy.com\/et\/wp-json\/wp\/v2\/product_cat?post=28771"},{"taxonomy":"product_tag","embeddable":true,"href":"https:\/\/conoscanopy.com\/et\/wp-json\/wp\/v2\/product_tag?post=28771"},{"taxonomy":"woo-feed-brand","embeddable":true,"href":"https:\/\/conoscanopy.com\/et\/wp-json\/wp\/v2\/woo-feed-brand?post=28771"}],"curies":[{"name":"wp","href":"https:\/\/api.w.org\/{rel}","templated":true}]}}