{"id":28766,"date":"2023-10-10T12:06:05","date_gmt":"2023-10-10T09:06:05","guid":{"rendered":"https:\/\/conoscanopy.com\/product\/labipaistev-varikatuse-polukarbonaat-700x1050mm\/"},"modified":"2024-11-12T17:48:48","modified_gmt":"2024-11-12T15:48:48","slug":"labipaistev-varikatuse-polukarbonaat-700x1050mm","status":"publish","type":"product","link":"https:\/\/conoscanopy.com\/et\/toode\/labipaistev-varikatuse-polukarbonaat-700x1050mm\/","title":{"rendered":"L\u00e4bipaistev varikatuse pol\u00fckarbonaat 700x1050mm"},"content":{"rendered":"<p>Pol\u00fckarbonaad &#8211; l\u00e4bipaistev<\/p>\n<p>Rakupol\u00fckarbonaat, 6 mm<br \/>\nPolykarbonat-Qualit\u00e4t &#8211; Polykarbonat-Gewicht 1100 g\/m2<\/p>\n","protected":false},"excerpt":{"rendered":"<p>M\u00f5\u00f5dud ja kaal:<\/p>\n<p>Sektsiooni laius (mm) &#8211; 700&#215;1050<br \/>\nKaal koos pakendiga &#8211; 1 kg<\/p>\n","protected":false},"featured_media":28391,"template":"","meta":[],"product_brand":[],"product_cat":[113],"product_tag":[],"woo-feed-brand":[],"class_list":{"0":"post-28766","1":"product","2":"type-product","3":"status-publish","4":"has-post-thumbnail","6":"product_cat-komponendid","8":"first","9":"instock","10":"shipping-taxable","11":"purchasable","12":"product-type-simple"},"_links":{"self":[{"href":"https:\/\/conoscanopy.com\/et\/wp-json\/wp\/v2\/product\/28766","targetHints":{"allow":["GET"]}}],"collection":[{"href":"https:\/\/conoscanopy.com\/et\/wp-json\/wp\/v2\/product"}],"about":[{"href":"https:\/\/conoscanopy.com\/et\/wp-json\/wp\/v2\/types\/product"}],"version-history":[{"count":1,"href":"https:\/\/conoscanopy.com\/et\/wp-json\/wp\/v2\/product\/28766\/revisions"}],"predecessor-version":[{"id":29592,"href":"https:\/\/conoscanopy.com\/et\/wp-json\/wp\/v2\/product\/28766\/revisions\/29592"}],"wp:featuredmedia":[{"embeddable":true,"href":"https:\/\/conoscanopy.com\/et\/wp-json\/wp\/v2\/media\/28391"}],"wp:attachment":[{"href":"https:\/\/conoscanopy.com\/et\/wp-json\/wp\/v2\/media?parent=28766"}],"wp:term":[{"taxonomy":"product_brand","embeddable":true,"href":"https:\/\/conoscanopy.com\/et\/wp-json\/wp\/v2\/product_brand?post=28766"},{"taxonomy":"product_cat","embeddable":true,"href":"https:\/\/conoscanopy.com\/et\/wp-json\/wp\/v2\/product_cat?post=28766"},{"taxonomy":"product_tag","embeddable":true,"href":"https:\/\/conoscanopy.com\/et\/wp-json\/wp\/v2\/product_tag?post=28766"},{"taxonomy":"woo-feed-brand","embeddable":true,"href":"https:\/\/conoscanopy.com\/et\/wp-json\/wp\/v2\/woo-feed-brand?post=28766"}],"curies":[{"name":"wp","href":"https:\/\/api.w.org\/{rel}","templated":true}]}}