{"id":28662,"date":"2024-02-14T21:05:43","date_gmt":"2024-02-14T18:05:43","guid":{"rendered":"https:\/\/conoscanopy.com\/product\/tugevdatud-varikatus-700-mm\/"},"modified":"2025-09-01T00:34:30","modified_gmt":"2025-08-31T21:34:30","slug":"tugevdatud-varikatus-700-mm","status":"publish","type":"product","link":"https:\/\/conoscanopy.com\/et\/toode\/tugevdatud-varikatus-700-mm\/","title":{"rendered":"Tugevdatud varikatus 700 mm"},"content":{"rendered":"<div><strong>Varustus:<\/strong><br \/>\nk\u00fclgkronstein &#8211; 2,<br \/>\nkanvaa\/pol\u00fckarbonaat &#8211; 1,<br \/>\nj\u00e4igastid (ees) &#8211; 1,<br \/>\nj\u00e4igastid (taga) &#8211; 1,<br \/>\nkruvid\/tuubid 10X100mm &#8211; 4,<br \/>\nt\u00fc\u00fcbel MQ 10\u00d750 \u2013 2,<br \/>\nt\u00fc\u00fcbel MQ 8\u00d740 \u2013 2,<br \/>\npingutuskruvid 4.2*38 &#8211; 4,<br \/>\njuhised &#8211; 1,<br \/>\npappkast (kaas -1, p\u00f5hi -1).<\/div>\n","protected":false},"excerpt":{"rendered":"<p><strong>Suurus:<\/strong> 766\u0445730\u0445200 mm<br \/>\nKaal: 3,96 kg<br \/>\nSektsiooni laius 700 mm<br \/>\nSektsioonide arv: 1<\/p>\n<div><strong>Materjalid:<\/strong><\/div>\n<div>k\u00fclgkronstein &#8211; pol\u00fcprop\u00fcleen;<br \/>\nkangas &#8211; poorne pol\u00fckarbonaat 1100 g\/m2, 6mm;<br \/>\nj\u00e4igastid &#8211; anodeeritud alumiinium<\/div>\n<div class=\"p1\"><strong>Kasti m\u00f5\u00f5med<\/strong> 750\u0445710\u044590 mm<\/div>\n<div><em><b>* <\/b>V\u00e4rvid ei pruugi olla t\u00e4psed s\u00f5ltuvalt ekraani resolutsioonist<\/em><\/div>\n","protected":false},"featured_media":28364,"template":"","meta":[],"product_brand":[],"product_cat":[132,130],"product_tag":[],"woo-feed-brand":[],"class_list":{"0":"post-28662","1":"product","2":"type-product","3":"status-publish","4":"has-post-thumbnail","6":"product_cat-tugevdatud-varikatus","7":"product_cat-uks-sektsioon","9":"first","10":"instock","11":"sale","12":"shipping-taxable","13":"purchasable","14":"product-type-variable"},"_links":{"self":[{"href":"https:\/\/conoscanopy.com\/et\/wp-json\/wp\/v2\/product\/28662","targetHints":{"allow":["GET"]}}],"collection":[{"href":"https:\/\/conoscanopy.com\/et\/wp-json\/wp\/v2\/product"}],"about":[{"href":"https:\/\/conoscanopy.com\/et\/wp-json\/wp\/v2\/types\/product"}],"version-history":[{"count":4,"href":"https:\/\/conoscanopy.com\/et\/wp-json\/wp\/v2\/product\/28662\/revisions"}],"predecessor-version":[{"id":30112,"href":"https:\/\/conoscanopy.com\/et\/wp-json\/wp\/v2\/product\/28662\/revisions\/30112"}],"wp:featuredmedia":[{"embeddable":true,"href":"https:\/\/conoscanopy.com\/et\/wp-json\/wp\/v2\/media\/28364"}],"wp:attachment":[{"href":"https:\/\/conoscanopy.com\/et\/wp-json\/wp\/v2\/media?parent=28662"}],"wp:term":[{"taxonomy":"product_brand","embeddable":true,"href":"https:\/\/conoscanopy.com\/et\/wp-json\/wp\/v2\/product_brand?post=28662"},{"taxonomy":"product_cat","embeddable":true,"href":"https:\/\/conoscanopy.com\/et\/wp-json\/wp\/v2\/product_cat?post=28662"},{"taxonomy":"product_tag","embeddable":true,"href":"https:\/\/conoscanopy.com\/et\/wp-json\/wp\/v2\/product_tag?post=28662"},{"taxonomy":"woo-feed-brand","embeddable":true,"href":"https:\/\/conoscanopy.com\/et\/wp-json\/wp\/v2\/woo-feed-brand?post=28662"}],"curies":[{"name":"wp","href":"https:\/\/api.w.org\/{rel}","templated":true}]}}