{"id":28657,"date":"2024-02-14T21:13:56","date_gmt":"2024-02-14T18:13:56","guid":{"rendered":"https:\/\/conoscanopy.com\/product\/tugevdatud-varikatus-1400-mm\/"},"modified":"2025-12-30T16:12:41","modified_gmt":"2025-12-30T14:12:41","slug":"tugevdatud-varikatus-1400-mm","status":"publish","type":"product","link":"https:\/\/conoscanopy.com\/et\/toode\/tugevdatud-varikatus-1400-mm\/","title":{"rendered":"Tugevdatud varikatus 1400 mm"},"content":{"rendered":"<div><strong>Varustus:<\/strong><br \/>\nk\u00fclgkronstein &#8211; 3,<br \/>\nkanvaa\/pol\u00fckarbonaat \u2013 2,<br \/>\nj\u00e4igastid (ees ja taga) &#8211; kumbki 2,<br \/>\nkruvid\/tuubid 10X100mm &#8211; 6,<br \/>\nt\u00fc\u00fcbel MQ 10\u00d750 \u2013 3,<br \/>\nt\u00fc\u00fcbel MQ 8\u00d740 -3<br \/>\npingutuskruvid 4.2&#215;38 &#8211; 6,<br \/>\njuhised &#8211; 1,<br \/>\npappkast (kaas -1, p\u00f5hi -1).<\/div>\n","protected":false},"excerpt":{"rendered":"<div class=\"p1\"><strong>Suurus:<\/strong> 1472\u0445730\u0445200 mm<br \/>\nKaal: 4,93 kg<br \/>\nSektsiooni laius 700 mm<br \/>\nSektsioonide arv: 2<\/p>\n<div><strong>Materjalid:<\/strong><\/div>\n<div>k\u00fclgkronstein &#8211; pol\u00fcprop\u00fcleen;<br \/>\nkangas &#8211; poorne pol\u00fckarbonaat 1100 g\/m2, 6mm;<br \/>\nj\u00e4igastid &#8211; anodeeritud alumiinium<\/div>\n<div class=\"p1\"><strong>Kasti m\u00f5\u00f5med<\/strong> 750\u0445710\u044590 mm<\/div>\n<div><em><b>* <\/b>V\u00e4rvid ei pruugi olla t\u00e4psed s\u00f5ltuvalt ekraani resolutsioonist<\/em><\/div>\n<\/div>\n","protected":false},"featured_media":28367,"template":"","meta":[],"product_brand":[],"product_cat":[128,132],"product_tag":[],"woo-feed-brand":[],"class_list":{"0":"post-28657","1":"product","2":"type-product","3":"status-publish","4":"has-post-thumbnail","6":"product_cat-kaks-sektsiooni","7":"product_cat-tugevdatud-varikatus","9":"first","10":"instock","11":"sale","12":"shipping-taxable","13":"purchasable","14":"product-type-variable"},"_links":{"self":[{"href":"https:\/\/conoscanopy.com\/et\/wp-json\/wp\/v2\/product\/28657","targetHints":{"allow":["GET"]}}],"collection":[{"href":"https:\/\/conoscanopy.com\/et\/wp-json\/wp\/v2\/product"}],"about":[{"href":"https:\/\/conoscanopy.com\/et\/wp-json\/wp\/v2\/types\/product"}],"version-history":[{"count":4,"href":"https:\/\/conoscanopy.com\/et\/wp-json\/wp\/v2\/product\/28657\/revisions"}],"predecessor-version":[{"id":30111,"href":"https:\/\/conoscanopy.com\/et\/wp-json\/wp\/v2\/product\/28657\/revisions\/30111"}],"wp:featuredmedia":[{"embeddable":true,"href":"https:\/\/conoscanopy.com\/et\/wp-json\/wp\/v2\/media\/28367"}],"wp:attachment":[{"href":"https:\/\/conoscanopy.com\/et\/wp-json\/wp\/v2\/media?parent=28657"}],"wp:term":[{"taxonomy":"product_brand","embeddable":true,"href":"https:\/\/conoscanopy.com\/et\/wp-json\/wp\/v2\/product_brand?post=28657"},{"taxonomy":"product_cat","embeddable":true,"href":"https:\/\/conoscanopy.com\/et\/wp-json\/wp\/v2\/product_cat?post=28657"},{"taxonomy":"product_tag","embeddable":true,"href":"https:\/\/conoscanopy.com\/et\/wp-json\/wp\/v2\/product_tag?post=28657"},{"taxonomy":"woo-feed-brand","embeddable":true,"href":"https:\/\/conoscanopy.com\/et\/wp-json\/wp\/v2\/woo-feed-brand?post=28657"}],"curies":[{"name":"wp","href":"https:\/\/api.w.org\/{rel}","templated":true}]}}