{"id":28652,"date":"2024-02-14T21:18:06","date_gmt":"2024-02-14T18:18:06","guid":{"rendered":"https:\/\/conoscanopy.com\/product\/tugevdatud-varikatus-2100-mm\/"},"modified":"2026-04-29T07:50:33","modified_gmt":"2026-04-29T04:50:33","slug":"tugevdatud-varikatus-2100-mm","status":"publish","type":"product","link":"https:\/\/conoscanopy.com\/et\/toode\/tugevdatud-varikatus-2100-mm\/","title":{"rendered":"Tugevdatud varikatus 2100 mm"},"content":{"rendered":"<div class=\"p1\"><strong>Varustus:<\/strong><br \/>\nk\u00fclgkronstein &#8211; 4,<br \/>\nkanvaa\/pol\u00fckarbonaat \u2013 3,<br \/>\nj\u00e4igastid (ees ja taga) &#8211; kumbki 3,<br \/>\nkruvid\/tuubid 10X100mm &#8211; 8,<br \/>\nt\u00fc\u00fcbel MQ 10\u00d750 \u2013 4,<br \/>\nt\u00fc\u00fcbel MQ 8\u00d740-4,<br \/>\npingutuskruvid 4.2&#215;38 &#8211; 8,<br \/>\njuhised &#8211; 1,<br \/>\npappkast (kaas -1, p\u00f5hi -1).<\/div>\n","protected":false},"excerpt":{"rendered":"<div class=\"p1\"><strong>Suurus:<\/strong> 2178\u0445730\u0445200 mm<br \/>\nKaal: 6,62 kg<br \/>\nSektsiooni laius 700 mm<br \/>\nSektsioonide arv: 3<\/p>\n<div><strong>Materjalid:<\/strong><\/div>\n<div>k\u00fclgkronstein &#8211; pol\u00fcprop\u00fcleen;<br \/>\nkangas &#8211; poorne pol\u00fckarbonaat 1100 g\/m2, 6mm;<br \/>\nj\u00e4igastid &#8211; anodeeritud alumiinium<\/div>\n<div class=\"p1\"><strong>Kasti m\u00f5\u00f5med<\/strong> 750\u0445710\u044590 mm<\/div>\n<div><em><b>* <\/b>V\u00e4rvid ei pruugi olla t\u00e4psed s\u00f5ltuvalt ekraani resolutsioonist<\/em><\/div>\n<\/div>\n","protected":false},"featured_media":28370,"template":"","meta":[],"product_brand":[],"product_cat":[121,132],"product_tag":[],"woo-feed-brand":[],"class_list":{"0":"post-28652","1":"product","2":"type-product","3":"status-publish","4":"has-post-thumbnail","6":"product_cat-mitu-sektsiooni","7":"product_cat-tugevdatud-varikatus","9":"first","10":"instock","11":"sale","12":"featured","13":"shipping-taxable","14":"purchasable","15":"product-type-variable"},"_links":{"self":[{"href":"https:\/\/conoscanopy.com\/et\/wp-json\/wp\/v2\/product\/28652","targetHints":{"allow":["GET"]}}],"collection":[{"href":"https:\/\/conoscanopy.com\/et\/wp-json\/wp\/v2\/product"}],"about":[{"href":"https:\/\/conoscanopy.com\/et\/wp-json\/wp\/v2\/types\/product"}],"version-history":[{"count":4,"href":"https:\/\/conoscanopy.com\/et\/wp-json\/wp\/v2\/product\/28652\/revisions"}],"predecessor-version":[{"id":30110,"href":"https:\/\/conoscanopy.com\/et\/wp-json\/wp\/v2\/product\/28652\/revisions\/30110"}],"wp:featuredmedia":[{"embeddable":true,"href":"https:\/\/conoscanopy.com\/et\/wp-json\/wp\/v2\/media\/28370"}],"wp:attachment":[{"href":"https:\/\/conoscanopy.com\/et\/wp-json\/wp\/v2\/media?parent=28652"}],"wp:term":[{"taxonomy":"product_brand","embeddable":true,"href":"https:\/\/conoscanopy.com\/et\/wp-json\/wp\/v2\/product_brand?post=28652"},{"taxonomy":"product_cat","embeddable":true,"href":"https:\/\/conoscanopy.com\/et\/wp-json\/wp\/v2\/product_cat?post=28652"},{"taxonomy":"product_tag","embeddable":true,"href":"https:\/\/conoscanopy.com\/et\/wp-json\/wp\/v2\/product_tag?post=28652"},{"taxonomy":"woo-feed-brand","embeddable":true,"href":"https:\/\/conoscanopy.com\/et\/wp-json\/wp\/v2\/woo-feed-brand?post=28652"}],"curies":[{"name":"wp","href":"https:\/\/api.w.org\/{rel}","templated":true}]}}