{"id":28647,"date":"2024-02-14T21:22:30","date_gmt":"2024-02-14T18:22:30","guid":{"rendered":"https:\/\/conoscanopy.com\/product\/tugevdatud-varikatus-2800-mm\/"},"modified":"2025-11-18T13:41:40","modified_gmt":"2025-11-18T11:41:40","slug":"tugevdatud-varikatus-2800-mm","status":"publish","type":"product","link":"https:\/\/conoscanopy.com\/et\/toode\/tugevdatud-varikatus-2800-mm\/","title":{"rendered":"Tugevdatud varikatus 2800 mm"},"content":{"rendered":"<div class=\"p1\"><strong>Varustus:<\/strong><\/div>\n<div class=\"p1\">k\u00fclgkronstein &#8211; 5,<\/div>\n<div class=\"p1\">kanvaa\/pol\u00fckarbonaat &#8211; 4,<\/div>\n<div class=\"p1\">j\u00e4igastid (ees ja taga) &#8211; kumbki 4,<\/div>\n<div class=\"p1\">kruvid\/tuubid 10X100mm &#8211; 10,<\/div>\n<div class=\"p1\">t\u00fc\u00fcbel MQ 10&#215;50 &#8211; 5,<\/div>\n<div class=\"p1\">t\u00fc\u00fcbel MQ 8&#215;40-5,<\/div>\n<div class=\"p1\">pingutuskruvid 4.2&#215;38 &#8211; 10,<\/div>\n<div class=\"p1\">juhised &#8211; 1,<\/div>\n<div class=\"p1\">pappkast (kaas -1, p\u00f5hi -1).<\/div>\n","protected":false},"excerpt":{"rendered":"<p><strong>Suurus:<\/strong> 2884\u0445730\u0445200 mm<br \/>\nKaal: 8,31 kg<br \/>\nSektsiooni laius 700 mm<br \/>\nSektsioonide arv: 4<\/p>\n<div><strong>Materjalid:<\/strong><\/div>\n<div>k\u00fclgkronstein &#8211; pol\u00fcprop\u00fcleen;<br \/>\nkangas &#8211; poorne pol\u00fckarbonaat 1100 g\/m2, 6mm;<br \/>\nj\u00e4igastid &#8211; anodeeritud alumiinium<\/div>\n<div class=\"p1\"><strong>Kasti m\u00f5\u00f5med<\/strong> 750\u0445710\u044590 mm<\/div>\n<div><em><b>* <\/b>V\u00e4rvid ei pruugi olla t\u00e4psed s\u00f5ltuvalt ekraani resolutsioonist<\/em><\/div>\n","protected":false},"featured_media":28373,"template":"","meta":[],"product_brand":[],"product_cat":[121,132],"product_tag":[],"woo-feed-brand":[],"class_list":{"0":"post-28647","1":"product","2":"type-product","3":"status-publish","4":"has-post-thumbnail","6":"product_cat-mitu-sektsiooni","7":"product_cat-tugevdatud-varikatus","9":"first","10":"instock","11":"sale","12":"shipping-taxable","13":"purchasable","14":"product-type-variable"},"_links":{"self":[{"href":"https:\/\/conoscanopy.com\/et\/wp-json\/wp\/v2\/product\/28647","targetHints":{"allow":["GET"]}}],"collection":[{"href":"https:\/\/conoscanopy.com\/et\/wp-json\/wp\/v2\/product"}],"about":[{"href":"https:\/\/conoscanopy.com\/et\/wp-json\/wp\/v2\/types\/product"}],"version-history":[{"count":4,"href":"https:\/\/conoscanopy.com\/et\/wp-json\/wp\/v2\/product\/28647\/revisions"}],"predecessor-version":[{"id":30109,"href":"https:\/\/conoscanopy.com\/et\/wp-json\/wp\/v2\/product\/28647\/revisions\/30109"}],"wp:featuredmedia":[{"embeddable":true,"href":"https:\/\/conoscanopy.com\/et\/wp-json\/wp\/v2\/media\/28373"}],"wp:attachment":[{"href":"https:\/\/conoscanopy.com\/et\/wp-json\/wp\/v2\/media?parent=28647"}],"wp:term":[{"taxonomy":"product_brand","embeddable":true,"href":"https:\/\/conoscanopy.com\/et\/wp-json\/wp\/v2\/product_brand?post=28647"},{"taxonomy":"product_cat","embeddable":true,"href":"https:\/\/conoscanopy.com\/et\/wp-json\/wp\/v2\/product_cat?post=28647"},{"taxonomy":"product_tag","embeddable":true,"href":"https:\/\/conoscanopy.com\/et\/wp-json\/wp\/v2\/product_tag?post=28647"},{"taxonomy":"woo-feed-brand","embeddable":true,"href":"https:\/\/conoscanopy.com\/et\/wp-json\/wp\/v2\/woo-feed-brand?post=28647"}],"curies":[{"name":"wp","href":"https:\/\/api.w.org\/{rel}","templated":true}]}}