{"id":28637,"date":"2024-02-14T21:28:56","date_gmt":"2024-02-14T18:28:56","guid":{"rendered":"https:\/\/conoscanopy.com\/product\/varikatus-2200-mm\/"},"modified":"2025-12-10T08:46:19","modified_gmt":"2025-12-10T06:46:19","slug":"varikatus-2200-mm","status":"publish","type":"product","link":"https:\/\/conoscanopy.com\/et\/toode\/varikatus-2200-mm\/","title":{"rendered":"Varikatus 2200 mm"},"content":{"rendered":"<div><strong>Varustus:<\/strong><\/div>\n<div>k\u00fclgkronstein &#8211; 3,<\/div>\n<div>kanvaa\/pol\u00fckarbonaat \u2013 2,<\/div>\n<div>j\u00e4igastid (ees ja taga) &#8211; kumbki 2,<\/div>\n<div>kruvid\/tuubid 10X100mm &#8211; 6,<\/div>\n<div>t\u00fc\u00fcbel MQ 10\u00d750 \u2013 3,<\/div>\n<div>t\u00fc\u00fcbel MQ 8\u00d740 -3<\/div>\n<div>pingutuskruvid 4.2&#215;38 &#8211; 6,<\/div>\n<div>juhised &#8211; 1,<\/div>\n<div>pappkast (kaas -1, p\u00f5hi -1).<\/div>\n","protected":false},"excerpt":{"rendered":"<div class=\"p1\"><strong>Suurus:<\/strong> 2172\u0445730\u0445200 mm<\/div>\n<div class=\"p1\">Kaal: 6,11 kg<\/div>\n<div class=\"p1\">Sektsiooni laius 1050 mm<\/div>\n<div class=\"p1\">Sektsioonide arv: 2<\/div>\n<div class=\"p1\">\n<div><strong>Materjalid:<\/strong><\/div>\n<div>k\u00fclgkronstein &#8211; pol\u00fcprop\u00fcleen;<br \/>\nkangas &#8211; poorne pol\u00fckarbonaat 1100 g\/m2, 6mm;<br \/>\nj\u00e4igastid &#8211; anodeeritud alumiinium<\/div>\n<div class=\"p1\"><strong>Kasti m\u00f5\u00f5med<\/strong> 750\u04451080\u044590 mm<\/div>\n<div><em><b>* <\/b>V\u00e4rvid ei pruugi olla t\u00e4psed s\u00f5ltuvalt ekraani resolutsioonist<\/em><\/div>\n<\/div>\n","protected":false},"featured_media":28367,"template":"","meta":[],"product_brand":[],"product_cat":[128,122],"product_tag":[],"woo-feed-brand":[],"class_list":{"0":"post-28637","1":"product","2":"type-product","3":"status-publish","4":"has-post-thumbnail","6":"product_cat-kaks-sektsiooni","7":"product_cat-standartvarikatus","9":"first","10":"instock","11":"sale","12":"shipping-taxable","13":"purchasable","14":"product-type-variable"},"_links":{"self":[{"href":"https:\/\/conoscanopy.com\/et\/wp-json\/wp\/v2\/product\/28637","targetHints":{"allow":["GET"]}}],"collection":[{"href":"https:\/\/conoscanopy.com\/et\/wp-json\/wp\/v2\/product"}],"about":[{"href":"https:\/\/conoscanopy.com\/et\/wp-json\/wp\/v2\/types\/product"}],"version-history":[{"count":4,"href":"https:\/\/conoscanopy.com\/et\/wp-json\/wp\/v2\/product\/28637\/revisions"}],"predecessor-version":[{"id":30107,"href":"https:\/\/conoscanopy.com\/et\/wp-json\/wp\/v2\/product\/28637\/revisions\/30107"}],"wp:featuredmedia":[{"embeddable":true,"href":"https:\/\/conoscanopy.com\/et\/wp-json\/wp\/v2\/media\/28367"}],"wp:attachment":[{"href":"https:\/\/conoscanopy.com\/et\/wp-json\/wp\/v2\/media?parent=28637"}],"wp:term":[{"taxonomy":"product_brand","embeddable":true,"href":"https:\/\/conoscanopy.com\/et\/wp-json\/wp\/v2\/product_brand?post=28637"},{"taxonomy":"product_cat","embeddable":true,"href":"https:\/\/conoscanopy.com\/et\/wp-json\/wp\/v2\/product_cat?post=28637"},{"taxonomy":"product_tag","embeddable":true,"href":"https:\/\/conoscanopy.com\/et\/wp-json\/wp\/v2\/product_tag?post=28637"},{"taxonomy":"woo-feed-brand","embeddable":true,"href":"https:\/\/conoscanopy.com\/et\/wp-json\/wp\/v2\/woo-feed-brand?post=28637"}],"curies":[{"name":"wp","href":"https:\/\/api.w.org\/{rel}","templated":true}]}}