{"id":28612,"date":"2024-02-14T21:41:53","date_gmt":"2024-02-14T19:41:53","guid":{"rendered":"https:\/\/conoscanopy.com\/product\/varikatus-7700-mm\/"},"modified":"2025-10-29T21:11:35","modified_gmt":"2025-10-29T19:11:35","slug":"varikatus-7700-mm","status":"publish","type":"product","link":"https:\/\/conoscanopy.com\/et\/toode\/varikatus-7700-mm\/","title":{"rendered":"Varikatus 7700 mm"},"content":{"rendered":"<div class=\"p1\">\n<p><strong>Varustus:<\/strong><\/p>\n<p class=\"p1\">k\u00fclgkronstein &#8211; 8,<\/p>\n<p>kanvaa\/pol\u00fckarbonaat &#8211; 7,<br \/>\nj\u00e4igastid (ees ja taga) &#8211; kumbki 7,<br \/>\nkruvid\/tuubid 10X100mm &#8211; 16,<br \/>\nt\u00fc\u00fcbel MQ 10\u00d750 \u2013 8,<br \/>\nt\u00fc\u00fcbel MQ 8\u00d740 -8,<br \/>\npingutuskruvid 4.2&#215;38 &#8211; 16,<br \/>\njuhised &#8211; 1,<br \/>\npappkast (kaas -1, p\u00f5hi -1).<\/p>\n<\/div>\n","protected":false},"excerpt":{"rendered":"<div class=\"p1\"><strong>Suurus:<\/strong> 7452\u0445730\u0445200 mm<br \/>\nKaal:16,86 kg<\/div>\n<div class=\"p1\">Sektsiooni laius 1050 mm<br \/>\nSektsioonide arv: 7<\/div>\n<div><strong>Materjalid:<\/strong><\/div>\n<div>k\u00fclgkronstein &#8211; pol\u00fcprop\u00fcleen;<br \/>\nkangas &#8211; poorne pol\u00fckarbonaat 1100 g\/m2, 6mm;<br \/>\nj\u00e4igastid &#8211; anodeeritud alumiinium<\/div>\n<div class=\"p1\"><strong>Kasti m\u00f5\u00f5med<\/strong> 750\u04451080\u044590 mm<\/div>\n<div><em><b>* <\/b>V\u00e4rvid ei pruugi olla t\u00e4psed s\u00f5ltuvalt ekraani resolutsioonist<\/em><\/div>\n","protected":false},"featured_media":28382,"template":"","meta":[],"product_brand":[],"product_cat":[121,122],"product_tag":[],"woo-feed-brand":[],"class_list":{"0":"post-28612","1":"product","2":"type-product","3":"status-publish","4":"has-post-thumbnail","6":"product_cat-mitu-sektsiooni","7":"product_cat-standartvarikatus","9":"first","10":"instock","11":"sale","12":"shipping-taxable","13":"purchasable","14":"product-type-variable"},"_links":{"self":[{"href":"https:\/\/conoscanopy.com\/et\/wp-json\/wp\/v2\/product\/28612","targetHints":{"allow":["GET"]}}],"collection":[{"href":"https:\/\/conoscanopy.com\/et\/wp-json\/wp\/v2\/product"}],"about":[{"href":"https:\/\/conoscanopy.com\/et\/wp-json\/wp\/v2\/types\/product"}],"version-history":[{"count":5,"href":"https:\/\/conoscanopy.com\/et\/wp-json\/wp\/v2\/product\/28612\/revisions"}],"predecessor-version":[{"id":30102,"href":"https:\/\/conoscanopy.com\/et\/wp-json\/wp\/v2\/product\/28612\/revisions\/30102"}],"wp:featuredmedia":[{"embeddable":true,"href":"https:\/\/conoscanopy.com\/et\/wp-json\/wp\/v2\/media\/28382"}],"wp:attachment":[{"href":"https:\/\/conoscanopy.com\/et\/wp-json\/wp\/v2\/media?parent=28612"}],"wp:term":[{"taxonomy":"product_brand","embeddable":true,"href":"https:\/\/conoscanopy.com\/et\/wp-json\/wp\/v2\/product_brand?post=28612"},{"taxonomy":"product_cat","embeddable":true,"href":"https:\/\/conoscanopy.com\/et\/wp-json\/wp\/v2\/product_cat?post=28612"},{"taxonomy":"product_tag","embeddable":true,"href":"https:\/\/conoscanopy.com\/et\/wp-json\/wp\/v2\/product_tag?post=28612"},{"taxonomy":"woo-feed-brand","embeddable":true,"href":"https:\/\/conoscanopy.com\/et\/wp-json\/wp\/v2\/woo-feed-brand?post=28612"}],"curies":[{"name":"wp","href":"https:\/\/api.w.org\/{rel}","templated":true}]}}