{"id":28793,"date":"2024-06-03T21:24:06","date_gmt":"2024-06-03T18:24:06","guid":{"rendered":"https:\/\/conoscanopy.com\/privaatsuspoliitika\/"},"modified":"2025-07-11T12:34:52","modified_gmt":"2025-07-11T09:34:52","slug":"privaatsuspoliitika","status":"publish","type":"page","link":"https:\/\/conoscanopy.com\/et\/privaatsuspoliitika\/","title":{"rendered":"Privaatsuspoliitika"},"content":{"rendered":"\n<h1 class=\"wp-block-heading\">Privaatsuspoliitika<\/h1>\n\n<p>J\u00f5ustumiskuup\u00e4ev: 21-Jun-2024<br\/>Viimati uuendatud: 26-Jun-2025<\/p>\n\n<p>K\u00e4esolev privaatsuspoliitika kirjeldab ALMARTA \u041e\u00dc, Kesk Tee 36-10, Aaviku 75305, Eesti, e-post: <a href=\"mailto:conos@conoscanopy.com\">conos@conoscanopy.com<\/a>, tel: +372 5386 4530 teie andmete kogumise, kasutamise ja avalikustamise kohta, mida me kogume, kui te kasutate meie veebisaiti ( https:\/\/conoscanopy.com ). (\u201cService\u201d,edaspidi &#8220;Teenindus&#8221;) Juurdep\u00e4\u00e4suga \u201cTeenindusele\u201d v\u00f5i selle kasutamisel annate n\u00f5usoleku oma andmete kogumiseks, kasutamiseks ja avaldamiseks vastavalt k\u00e4esolevale privaatsuspoliitikale. Kui te ei ole n\u00f5us sellega, siis \u00e4rge palun kasutage Teenindust ega ligip\u00e4\u00e4su sellele.<\/p>\n\n<p>Me v\u00f5ime muuta k\u00e4esolevat privaatsuspoliitikat igal ajal ilma teid eelnevalt teavitamata ja avaldame muudetud privaatsuspoliitikat \u201cTeeninduses\u201d. Muudetud Privaatsuspoliitika j\u00f5ustub 180 p\u00e4eva p\u00e4rast selle avaldamist \u201cTeeninduses\u201d ning kui te p\u00e4rast seda aega j\u00e4tkate juurdep\u00e4\u00e4su \u201cTeenindusele\u201d v\u00f5i selle kasutamist, siis n\u00f5ustute muudetud Privaatsuspoliitikaga. Seet\u00f5ttu soovitame teil seda lehek\u00fclge regulaarselt \u00fcle vaadata.<\/p>\n\n<h5 class=\"wp-block-heading\">KOGUTUD TEAVE:<\/h5>\n\n<p>Me kogume ja t\u00f6\u00f6tleme j\u00e4rgmiseid teie isikuandmeid:<\/p>\n\n<ul class=\"wp-block-list\">\n<li>Nimi<\/li>\n\n\n\n<li>E-posti aadress<\/li>\n\n\n\n<li>Mobiiltelefoni nr<\/li>\n\n\n\n<li>S\u00fcnniaeg<\/li>\n\n\n\n<li>Aadress<\/li>\n\n\n\n<li>T\u00f6\u00f6koha aadress<\/li>\n\n\n\n<li>Makseteave<\/li>\n<\/ul>\n\n<h5 class=\"wp-block-heading\">KUIDAS ME TEIE ANDMEID KOGUME:<\/h5>\n\n<p>Me kogume\/saame teie kohta teavet j\u00e4rgmisel viisil:<\/p>\n\n<ul class=\"wp-block-list\">\n<li>Kui kasutaja t\u00e4idab registreerimisvormi v\u00f5i esitab muul viisil isikuandmeid<\/li>\n\n\n\n<li>suhtleb veebisaidiga<\/li>\n\n\n\n<li>Avalikest allikatest<\/li>\n<\/ul>\n\n<h5 class=\"wp-block-heading\">KUIDAS ME TEIE ANDMEID KASUTAME:<\/h5>\n\n<p>Me kasutame teie kohta kogutud teavet j\u00e4rgmistel eesm\u00e4rkidel:<\/p>\n\n<ul class=\"wp-block-list\">\n<li>Turundusel\/ Reklaamil<\/li>\n\n\n\n<li>Kasutajakonto loomisel<\/li>\n\n\n\n<li>Hinnangutel<\/li>\n\n\n\n<li>Klientide tagasiside kogumisel<\/li>\n\n\n\n<li>Makse t\u00f6\u00f6tlemisel<\/li>\n\n\n\n<li>Klienditoes<\/li>\n\n\n\n<li>Administreerimise infos<\/li>\n\n\n\n<li>Sihtotstarbelises reklaamis<\/li>\n\n\n\n<li>Klientide tellimuse haldamisel<\/li>\n\n\n\n<li>Vaidluste lahendamisel<\/li>\n\n\n\n<li>Kasutajakonto haldamisel<\/li>\n<\/ul>\n\n<p>Kui me soovime kasutada teie andmeid mis tahes muul eesm\u00e4rgil, k\u00fcsime teilt n\u00f5usolekut ja kasutame teie andmeid ainult teie n\u00f5usolekul ja ainult selleks, milleks me n\u00f5usoleku oleme saanud, v\u00e4lja arvatud juhul, kui seadus n\u00f5uab meilt teisiti.<\/p>\n\n<h5 class=\"wp-block-heading\">KUIDAS ME JAGAME TEIE ANDMEID:<\/h5>\n\n<p>Me ei edasta teie isikuandmeid kolmandatele isikutele k\u00fcsimata teie n\u00f5usolekut, v\u00e4lja arvatud allpool kirjeldatud piiratud juhtudel:<\/p>\n\n<ul class=\"wp-block-list\">\n<li><span style=\"font-size: revert; color: var(--wd-text-color); font-family: var(--wd-text-font); font-style: var(--wd-text-font-style); font-weight: var(--wd-text-font-weight);\">Reklaamiteeninduses<\/span><\/li>\n\n\n\n<li><span style=\"font-size: revert; color: var(--wd-text-color); font-family: var(--wd-text-font); font-style: var(--wd-text-font-style); font-weight: var(--wd-text-font-weight);\">Turundusagentuurides<\/span><\/li>\n\n\n\n<li><span style=\"font-size: revert; color: var(--wd-text-color); font-family: var(--wd-text-font); font-style: var(--wd-text-font-style); font-weight: var(--wd-text-font-weight);\"><span style=\"font-size: revert; color: var(--wd-text-color); font-family: var(--wd-text-font); font-style: var(--wd-text-font-style); font-weight: var(--wd-text-font-weight); background-color: rgb(255, 255, 255);\">Anal\u00fc\u00fctikas<\/span><\/span><\/li>\n<\/ul>\n\n<p>N\u00f5uame, et sellised kolmandad isikud kasutaksid neile edastatud isikuandmeid ainult sellel eesm\u00e4rgil, milleks need edastati, ning ei s\u00e4ilitaks neid kauem, kui neid on vaja nimetatud eesm\u00e4rgi saavutamiseks.<\/p>\n\n<p>Samuti v\u00f5ime avaldada teie isikuandmeid j\u00e4rgmistel eesm\u00e4rkidel: (1) kohaldatava seaduse, m\u00e4\u00e4ruse, kohtum\u00e4\u00e4ruse v\u00f5i muu \u00f5igusliku menetluse t\u00e4itmiseks; (2) meiega s\u00f5lmitud lepingute, sealhulgas k\u00e4esoleva privaatsuspoliitika j\u00f5ustamiseks; v\u00f5i (3) vastuseks v\u00e4idetele, et teiepoolne teenuse kasutamine rikub kolmandate isikute \u00f5igusi. Kui \u201cTeenindus\u201d v\u00f5i meie ettev\u00f5te \u00fchineb v\u00f5i omandatakse teise ettev\u00f5tte poolt, on teie andmed \u00fcks aktiividest, mis l\u00e4heb \u00fcle uuele omanikule.<\/p>\n\n<h5 class=\"wp-block-heading\">TEIE ANDMETE S\u00c4ILITAMINE:<\/h5>\n\n<p>Me s\u00e4ilitame teie isikuandmeid 90 p\u00e4evast kuni 2 aastani p\u00e4rast seda, kui kasutajad l\u00f5petavad oma konto, v\u00f5i nii kaua, kui meil on neid vaja nende eesm\u00e4rkide t\u00e4itmiseks, milleks need koguti, nagu on \u00fcksikasjalikult kirjeldatud k\u00e4esolevas privaatsuspoliitikas. Meil v\u00f5ib olla vajadus s\u00e4ilitada teatud andmeid pikema aja jooksul, n\u00e4iteks andmete s\u00e4ilitamiseks \/ aruandluseks vastavalt kohaldatavale seadusele v\u00f5i muudel \u00f5igustatud p\u00f5hjustel, nagu seaduslike \u00f5iguste j\u00f5ustamine, pettuste ennetamine jne. Anon\u00fc\u00fcmset j\u00e4\u00e4kteavet ja koondteavet, millest kumbki teid (otseselt v\u00f5i kaudselt) ei identifitseeri, v\u00f5ib s\u00e4ilitada t\u00e4htajatult.<\/p>\n\n<h5 class=\"wp-block-heading\">TEIE \u00d5IGUSED:<\/h5>\n\n<p>Olenevalt kohaldatavast seadusest v\u00f5ib teil olla \u00f5igus oma isikuandmetele juurde p\u00e4\u00e4seda ja neid parandada v\u00f5i kustutada v\u00f5i saada oma isikuandmete koopia, piirata oma andmete aktiivset t\u00f6\u00f6tlemist v\u00f5i selle vastu olla, paluda meil teie isikuandmeid jagada (portida) teisele juriidilisele isikule teavet, v\u00f5tta tagasi k\u00f5ik n\u00f5usolekud, mille andsite meile oma andmete t\u00f6\u00f6tlemiseks, \u00f5igus esitada kaebus seadusj\u00e4rgsele asutusele ja muud \u00f5igused, mis v\u00f5ivad kehtivate seaduste alusel olla asjakohased. Vastame teie p\u00e4ringule vastavalt kehtivatele seadustele conos@conoscanopy.com. Me vastame teie taotlusele koosk\u00f5las kohaldatava \u00f5igusega. Pange t\u00e4hele, et kui te ei luba meil koguda v\u00f5i t\u00f6\u00f6delda vajalikke isikuandmeid v\u00f5i v\u00f5tate tagasi n\u00f5usoleku nende t\u00f6\u00f6tlemiseks n\u00f5utud eesm\u00e4rkidel, ei pruugi teil olla v\u00f5imalik p\u00e4\u00e4seda ligi teenustele, mille jaoks teie andmeid taotleti, ega neid kasutada.<\/p>\n\n<h5 class=\"wp-block-heading\">K\u00dcPSISED JNE.<\/h5>\n\n<p>Lisateavet selle kohta, kuidas me neid j\u00e4lgimistehnoloogiaid kasutame ja teie valikute kohta seoses nende j\u00e4lgimistehnoloogiatega, leiate meie <a href=\"https:\/\/conoscanopy.com\/et\/kupsiste-poliitika\/\">K\u00fcpsiste poliitikast. <\/a><\/p>\n\n<h5 class=\"wp-block-heading\">TURVALISUS:<\/h5>\n\n<p>Teie andmete turvalisus on meile oluline ja me kasutame m\u00f5istlikke turvameetmeid, et v\u00e4ltida meie kontrolli all olevate andmete kadumist, v\u00e4\u00e4rkasutamist v\u00f5i loata muutmist. Arvestades sellega kaasnevaid riske, ei saa me siiski tagada absoluutset turvalisust ja seet\u00f5ttu ei saa me tagada ega garanteerida meile edastatud teabe turvalisust ning teete seda omal vastutusel.<\/p>\n\n<h5 class=\"wp-block-heading\">KAEBUSTE\/ANDMEKAITSEAMETNIK:<\/h5>\n\n<p>Kui teil on k\u00fcsimusi v\u00f5i muresid meil olemasolevate teie andmete t\u00f6\u00f6tlemise kohta, v\u00f5ite saata emaili meie kaebuste lahendamise eest vastutavale ametnikule aadressil ALMARTA \u041e\u00dc, Kesk Tee 36-10, e-post: <a href=\"mailto:conos@conoscanopy.com\">conos@conoscanopy.com.<\/a> Me tegeleme teie murega koosk\u00f5las kehtivate \u00f5igusaktidega.<\/p>\n\n<ol class=\"wp-block-list\">\n<li><\/li>\n<\/ol>\n","protected":false},"excerpt":{"rendered":"<p>Privaatsuspoliitika J\u00f5ustumiskuup\u00e4ev: 21-Jun-2024Viimati uuendatud: 26-Jun-2025 K\u00e4esolev privaatsuspoliitika kirjeldab ALMARTA \u041e\u00dc, Kesk Tee 36-10, Aaviku 75305, Eesti, e-post: conos@conoscanopy.com, tel: +372<\/p>\n","protected":false},"author":3,"featured_media":0,"parent":0,"menu_order":0,"comment_status":"closed","ping_status":"open","template":"","meta":{"footnotes":""},"class_list":["post-28793","page","type-page","status-publish","hentry"],"_links":{"self":[{"href":"https:\/\/conoscanopy.com\/et\/wp-json\/wp\/v2\/pages\/28793","targetHints":{"allow":["GET"]}}],"collection":[{"href":"https:\/\/conoscanopy.com\/et\/wp-json\/wp\/v2\/pages"}],"about":[{"href":"https:\/\/conoscanopy.com\/et\/wp-json\/wp\/v2\/types\/page"}],"author":[{"embeddable":true,"href":"https:\/\/conoscanopy.com\/et\/wp-json\/wp\/v2\/users\/3"}],"replies":[{"embeddable":true,"href":"https:\/\/conoscanopy.com\/et\/wp-json\/wp\/v2\/comments?post=28793"}],"version-history":[{"count":5,"href":"https:\/\/conoscanopy.com\/et\/wp-json\/wp\/v2\/pages\/28793\/revisions"}],"predecessor-version":[{"id":30196,"href":"https:\/\/conoscanopy.com\/et\/wp-json\/wp\/v2\/pages\/28793\/revisions\/30196"}],"wp:attachment":[{"href":"https:\/\/conoscanopy.com\/et\/wp-json\/wp\/v2\/media?parent=28793"}],"curies":[{"name":"wp","href":"https:\/\/api.w.org\/{rel}","templated":true}]}}