{"id":28791,"date":"2024-06-21T06:42:08","date_gmt":"2024-06-21T03:42:08","guid":{"rendered":"https:\/\/conoscanopy.com\/kupsiste-poliitika\/"},"modified":"2024-07-02T22:46:32","modified_gmt":"2024-07-02T22:46:32","slug":"kupsiste-poliitika","status":"publish","type":"page","link":"https:\/\/conoscanopy.com\/et\/kupsiste-poliitika\/","title":{"rendered":"K\u00fcpsiste poliitika"},"content":{"rendered":"\n<h1 class=\"wp-block-heading\">K\u00fcpsiste poliitika<\/h1>\n\n<p>J\u00f5ustumiskuup\u00e4ev: 21-Jun-2024<br\/>Viimati uuendatud: 26-Jun-2024<\/p>\n\n<h5 class=\"wp-block-heading\">Mis on k\u00fcpsised?<\/h5>\n\n<p>See k\u00fcpsiste poliitika selgitab, mis on k\u00fcpsised ja kuidas me neid kasutame, milliseid k\u00fcpsiseid me kasutame, st millist teavet me k\u00fcpsiste abil kogume ja kuidas seda teavet kasutatakse, ning kuidas hallata k\u00fcpsiste seadistusi.<\/p>\n\n<p>K\u00fcpsised on tekstifailides s\u00e4ilitatavad v\u00e4ikesed andmefragmendid, mis salvestatakse teie arvutisse v\u00f5i muusse seadmesse, kui brauser veebilehte laeb. Need k\u00fcpsised aitavad meil muuta veebisaidi korralikult toimivaks, turvalisemaks, pakkuda paremat kasutajakogemust ja m\u00f5ista, kuidas veebisait toimib, ning anal\u00fc\u00fcsida, mis toimub ja kus on vaja parandusi.<\/p>\n\n<h5 class=\"wp-block-heading\">Kuidas me kasutame k\u00fcpsiseid?<\/h5>\n\n<p>Nagu enamik v\u00f5rguteenuseid, kasutab ka meie veebisait mitmel eesm\u00e4rgil esimese ja kolmanda osapoole k\u00fcpsiseid. Esimese osapoole k\u00fcpsised on enamasti vajalikud selleks, et veebisait saaks \u00f5igesti toimida, ja need ei kogu teie isikuandmeid.<\/p>\n\n<p>Meie veebisaidil kasutatavad kolmanda osapoole k\u00fcpsised on peamiselt selleks, et m\u00f5ista, kuidas veebisait toimib, kuidas te meie veebisaidiga suhtlete, hoida meie teenuseid turvaliselt, pakkuda teile asjakohaseid reklaame ning kokkuv\u00f5ttes pakkuda teile paremat ja paremat kasutajakogemust ja aidata kiirendada teie edasist suhtlemist meie veebisaidiga.<\/p>\n\n<h5 class=\"wp-block-heading\">Kasutatavad k\u00fcpsiste t\u00fc\u00fcbid<\/h5>\n\n<div class=\"cky-audit-table-element\"><\/div>\n\n<h5 class=\"wp-block-heading\">Vajalikud<\/h5>\n\n<a class=\"cky-banner-element\">K\u00fcpsise seaded<\/a> <br\/>\n\n<p>Saate oma k\u00fcpsiste eelistusi igal ajal muuta, kl\u00f5psates \u00fclaltoodud nupule. See v\u00f5imaldab teil uuesti k\u00fclastada k\u00fcpsiste n\u00f5usoleku b\u00e4nnerit ja muuta oma eelistusi v\u00f5i v\u00f5tta oma n\u00f5usolek kohe tagasi.<\/p>\n\n<p>Lisaks sellele pakuvad erinevad brauserid erinevaid meetodeid veebisaitide poolt kasutatavate k\u00fcpsiste blokeerimiseks ja kustutamiseks Te v\u00f5ite muuta oma brauseri seadeid k\u00fcpsiste blokeerimiseks\/kustutamiseks. Allpool on loetletud lingid tugidokumentidele, kuidas hallata ja kustutada k\u00fcpsiste kasutamist peamistes veebilehitsejates.<\/p>\n\n<p>Chrome: <a href=\"https:\/\/support.google.com\/accounts\/answer\/32050\" target=\"_blank\" rel=\"noreferrer noopener\">https:\/\/support.google.com\/accounts\/answer\/32050<\/a><\/p>\n\n<div class=\"wp-block-group is-nowrap is-layout-flex wp-container-core-group-is-layout-ad2f72ca wp-block-group-is-layout-flex\">\n<p>Safari: <a href=\"https:\/\/support.apple.com\/en-in\/guide\/safari\/sfri11471\/mac\" target=\"_blank\" rel=\"noreferrer noopener\">https:\/\/support.apple.com\/en-in\/guide\/safari\/sfri11471\/mac<\/a><\/p>\n<\/div>\n\n<p>Firefox: <a href=\"https:\/\/support.mozilla.org\/en-US\/kb\/clear-cookies-and-site-data-firefox?redirectslug=delete-cookies-remove-info-websites-stored&amp;redirectlocale=en-US\" target=\"_blank\" rel=\"noreferrer noopener\">https:\/\/support.mozilla.org\/en-US\/kb\/clear-cookies-and-site-data-firefox?redirectslug=delete-cookies-remove-info-websites-stored&amp;redirectlocale=en-US<\/a><\/p>\n\n<p>Internet Explorer: <a href=\"https:\/\/support.microsoft.com\/en-us\/topic\/how-to-delete-cookie-files-in-internet-explorer-bca9446f-d873-78de-77ba-d42645fa52fc\" target=\"_blank\" rel=\"noreferrer noopener\">https:\/\/support.microsoft.com\/en-us\/topic\/how-to-delete-cookie-files-in-internet-explorer-bca9446f-d873-78de-77ba-d42645fa52fc<\/a><\/p>\n\n<p>Kui kasutate m\u00f5nda muud veebilehitsejat, k\u00fclastage palun oma veebilehitseja ametlikke tugidokumente.<\/p>\n","protected":false},"excerpt":{"rendered":"<p>K\u00fcpsiste poliitika J\u00f5ustumiskuup\u00e4ev: 21-Jun-2024Viimati uuendatud: 26-Jun-2024 Mis on k\u00fcpsised? See k\u00fcpsiste poliitika selgitab, mis on k\u00fcpsised ja kuidas me neid<\/p>\n","protected":false},"author":3,"featured_media":0,"parent":0,"menu_order":0,"comment_status":"closed","ping_status":"closed","template":"","meta":{"footnotes":""},"class_list":["post-28791","page","type-page","status-publish","hentry"],"_links":{"self":[{"href":"https:\/\/conoscanopy.com\/et\/wp-json\/wp\/v2\/pages\/28791","targetHints":{"allow":["GET"]}}],"collection":[{"href":"https:\/\/conoscanopy.com\/et\/wp-json\/wp\/v2\/pages"}],"about":[{"href":"https:\/\/conoscanopy.com\/et\/wp-json\/wp\/v2\/types\/page"}],"author":[{"embeddable":true,"href":"https:\/\/conoscanopy.com\/et\/wp-json\/wp\/v2\/users\/3"}],"replies":[{"embeddable":true,"href":"https:\/\/conoscanopy.com\/et\/wp-json\/wp\/v2\/comments?post=28791"}],"version-history":[{"count":1,"href":"https:\/\/conoscanopy.com\/et\/wp-json\/wp\/v2\/pages\/28791\/revisions"}],"predecessor-version":[{"id":28792,"href":"https:\/\/conoscanopy.com\/et\/wp-json\/wp\/v2\/pages\/28791\/revisions\/28792"}],"wp:attachment":[{"href":"https:\/\/conoscanopy.com\/et\/wp-json\/wp\/v2\/media?parent=28791"}],"curies":[{"name":"wp","href":"https:\/\/api.w.org\/{rel}","templated":true}]}}