{"id":28786,"date":"2024-06-17T23:08:09","date_gmt":"2024-06-17T20:08:09","guid":{"rendered":"https:\/\/conoscanopy.com\/tagastamine\/"},"modified":"2024-07-03T10:52:07","modified_gmt":"2024-07-03T10:52:07","slug":"tagastamine","status":"publish","type":"page","link":"https:\/\/conoscanopy.com\/et\/tagastamine\/","title":{"rendered":"Tagastamine"},"content":{"rendered":"\n<h2 class=\"wp-block-heading\">Defektsete kaupade tagastamine ja reklamatsioonid<\/h2>\n\n<p>Toote esitamisel garantiikeskusesse peate \u00fcle andma k\u00f5ik tootja poolt toote kohta esitatud dokumendid: toote ostu t\u00f5endav dokument (arve), mis on \u00fchtlasi toote garantiikaardiks.<\/p>\n\n<p>T\u00e4helepanu! Klient vastutab tagastatud kauba eest kuni selle saabumiseni meie lattu. Veenduge, et kaup on korrektselt pakitud ja et on v\u00e4listatud oht, et toode v\u00f5ib transpordi ajal saada kahjustada.<\/p>\n\n<p><strong>NB! <\/strong>Toote tagastamisel m\u00fc\u00fcjale on vajalik toote originaalpakend ja toote t\u00e4ielik komplekt.<\/p>\n\n<h2 class=\"wp-block-heading\">Garantiiperiood:<\/h2>\n\n<p>24 kuu jooksul alates toote \u00fcleandmisest ostjale selle k\u00e4ttesaamise kohas: Kesk tee 36-10, Aaviku, 75305 Harju maakond, v\u00f5i transpordifirma kullerilt.<\/p>\n\n<h2 class=\"wp-block-heading\">Garantii ei kehti j\u00e4rgmistel juhtudel, kui:<\/h2>\n\n<ul class=\"wp-block-list\">\n<li>kahjud, mis tulenevad sellest, et toodet ei ole kasutatud vastavalt kasutusjuhendile, ei ole j\u00e4rgitud toote ladustamise ja transpordi tingimusi v\u00f5i ei ole toodet paigaldatud vastavalt kasutusjuhendile;<\/li>\n\n\n\n<li>kahju, mis on p\u00f5hjustatud kliendi s\u00fc\u00fcl;<\/li>\n\n\n\n<li>toode on mehaaniliselt v\u00f5i muul viisil kahjustatud;<\/li>\n\n\n\n<li>kahju on tekkinud loodus\u00f5nnetuse, v\u00e4lgul\u00f6\u00f6gi, tulekahju, \u00fcleujutuse vms. t\u00f5ttu;<\/li>\n\n\n\n<li>kahju, mille on p\u00f5hjustanud v\u00f5\u00f5rkehade, vedelike, putukate, tolmu jne. sattumine pakendisse v\u00f5i tootesse;<\/li>\n\n\n\n<li>kahju, mis on p\u00f5hjustatud mitte-originaalsete komponentide kasutamisest;<\/li>\n\n\n\n<li>esineb m\u00e4rke toote detailide lubamatust kokkupuutest pakendis ning ja konstruktsiooni paigaldamise montaa\u017eijuhiste rikkumisest;<\/li>\n\n\n\n<li>kahju on tingitud sellest, et toodet ei ole kasutatud etten\u00e4htud otstarbel;<\/li>\n\n\n\n<li>kahju on p\u00f5hjustatud toote tehniliste andmete muutmisest;<\/li>\n\n\n\n<li>kui ostja ei esita selle toote ostu kinnitavat dokumenti (mis on \u00fchtlasi toote garantiikaart), aga ka k\u00f5iki tootja poolt tootele lisatud dokumente;<\/li>\n\n\n\n<li>defektid ja kahjustused, mis on tekkinud seoses selliste kaupade, tarvikute ja komponentide kasutamisega, mis ei ole tootja poolt ette n\u00e4htud.<\/li>\n<\/ul>\n\n<p>Vastavalt V\u00d5S \u00a7 53 h. 4 p. 3, s\u00e4tetele ei ole kauba registreerimisel esitatud ostja erijuhiste ja juhiste kohaselt kogutud kaubast \u00f5igus keelduda ning kvaliteetne kaup ei ole tagastatav. Teavet selle kohta, kas konkreetse toote suhtes kehtib k\u00e4esolevas l\u00f5ikes nimetatud piirang, leiate conoscanopy.com tootekirjeldusest.<\/p>\n\n<h2 class=\"wp-block-heading\">Conos meenutab:<\/h2>\n\n<ul class=\"wp-block-list\">\n<li>andmete kaotuse v\u00f5i taastamisega seotud kulusid ei h\u00fcvitata;<\/li>\n<\/ul>\n\n<p>t\u00e4psemat teavet kaupade garantiiteenuse kohta leiate veebilehelt www.conoscanopy.com ostu- ja m\u00fc\u00fcgieeskirjades.<\/p>\n","protected":false},"excerpt":{"rendered":"<p>Defektsete kaupade tagastamine ja reklamatsioonid Toote esitamisel garantiikeskusesse peate \u00fcle andma k\u00f5ik tootja poolt toote kohta esitatud dokumendid: toote ostu<\/p>\n","protected":false},"author":3,"featured_media":0,"parent":0,"menu_order":0,"comment_status":"closed","ping_status":"closed","template":"","meta":{"footnotes":""},"class_list":["post-28786","page","type-page","status-publish","hentry"],"_links":{"self":[{"href":"https:\/\/conoscanopy.com\/et\/wp-json\/wp\/v2\/pages\/28786","targetHints":{"allow":["GET"]}}],"collection":[{"href":"https:\/\/conoscanopy.com\/et\/wp-json\/wp\/v2\/pages"}],"about":[{"href":"https:\/\/conoscanopy.com\/et\/wp-json\/wp\/v2\/types\/page"}],"author":[{"embeddable":true,"href":"https:\/\/conoscanopy.com\/et\/wp-json\/wp\/v2\/users\/3"}],"replies":[{"embeddable":true,"href":"https:\/\/conoscanopy.com\/et\/wp-json\/wp\/v2\/comments?post=28786"}],"version-history":[{"count":2,"href":"https:\/\/conoscanopy.com\/et\/wp-json\/wp\/v2\/pages\/28786\/revisions"}],"predecessor-version":[{"id":28790,"href":"https:\/\/conoscanopy.com\/et\/wp-json\/wp\/v2\/pages\/28786\/revisions\/28790"}],"wp:attachment":[{"href":"https:\/\/conoscanopy.com\/et\/wp-json\/wp\/v2\/media?parent=28786"}],"curies":[{"name":"wp","href":"https:\/\/api.w.org\/{rel}","templated":true}]}}