{"id":28610,"date":"2021-10-12T15:51:09","date_gmt":"2021-10-12T12:51:09","guid":{"rendered":"https:\/\/conoscanopy.com\/about-us\/"},"modified":"2024-11-13T11:25:13","modified_gmt":"2024-11-13T09:25:13","slug":"about-us","status":"publish","type":"page","link":"https:\/\/conoscanopy.com\/et\/about-us\/","title":{"rendered":"Meist"},"content":{"rendered":"\t\t<div data-elementor-type=\"wp-page\" data-elementor-id=\"28610\" class=\"elementor elementor-28610 elementor-4400\">\n\t\t\t\t<div class=\"wd-negative-gap elementor-element elementor-element-fa44879 wd-section-stretch e-flex e-con-boxed e-con e-parent\" data-id=\"fa44879\" data-element_type=\"container\" data-e-type=\"container\" data-settings=\"{&quot;background_background&quot;:&quot;classic&quot;}\">\n\t\t\t\t\t<div class=\"e-con-inner\">\n\t\t<div class=\"elementor-element elementor-element-e99882f e-con-full e-flex e-con e-child\" data-id=\"e99882f\" data-element_type=\"container\" data-e-type=\"container\">\n\t\t\t\t<div class=\"elementor-element elementor-element-4b88735 wd-width-100 elementor-widget elementor-widget-wd_title\" data-id=\"4b88735\" data-element_type=\"widget\" data-e-type=\"widget\" data-widget_type=\"wd_title.default\">\n\t\t\t\t<div class=\"elementor-widget-container\">\n\t\t\t\t\t\t\t<div class=\"title-wrapper wd-set-mb reset-last-child wd-title-color-default wd-title-style-default wd-title-size-large text-left\">\n\n\t\t\t\n\t\t\t<div class=\"liner-continer\">\n\t\t\t\t<h4 class=\"woodmart-title-container title wd-fontsize-xxl\">Ilu peitub lihtsates detailides. Meie tooted on ettevalmistuse, k\u00f5rge teeninduse ja kvaliteedikontrolli tulemus. <\/h4> \n\t\t\t\t\t\t\t<\/div>\n\n\t\t\t\t\t<\/div>\n\t\t\t\t\t\t<\/div>\n\t\t\t\t<\/div>\n\t\t<div class=\"elementor-element elementor-element-a6458d9 e-con-full e-flex e-con e-child\" data-id=\"a6458d9\" data-element_type=\"container\" data-e-type=\"container\">\n\t\t\t\t<div class=\"elementor-element elementor-element-78baca8 elementor-widget elementor-widget-heading\" data-id=\"78baca8\" data-element_type=\"widget\" data-e-type=\"widget\" data-widget_type=\"heading.default\">\n\t\t\t\t<div class=\"elementor-widget-container\">\n\t\t\t\t\t<div class=\"elementor-heading-title elementor-size-default\">Autor: Andrey Anu\u0161kin<\/div>\t\t\t\t<\/div>\n\t\t\t\t<\/div>\n\t\t\t\t<div class=\"elementor-element elementor-element-98bcfb7 elementor-widget__width-initial elementor-widget elementor-widget-wd_image_or_svg\" data-id=\"98bcfb7\" data-element_type=\"widget\" data-e-type=\"widget\" data-widget_type=\"wd_image_or_svg.default\">\n\t\t\t\t<div class=\"elementor-widget-container\">\n\t\t\t\t\t\n\t\t<div class=\"wd-image text-left\">\n\t\t\t\t\t\t\t\t<img loading=\"lazy\" decoding=\"async\" width=\"200\" height=\"51\" src=\"https:\/\/conoscanopy.com\/wp-content\/uploads\/2024\/06\/anushkin-sign.png\" class=\"attachment-full size-full\" alt=\"\" srcset=\"https:\/\/conoscanopy.com\/wp-content\/uploads\/2024\/06\/anushkin-sign.png 200w, https:\/\/conoscanopy.com\/wp-content\/uploads\/2024\/06\/anushkin-sign-150x38.png 150w\" sizes=\"auto, (max-width: 200px) 100vw, 200px\" title=\"\">\t\t\t\t\t<\/div>\n\n\t\t\t\t\t\t<\/div>\n\t\t\t\t<\/div>\n\t\t\t\t<\/div>\n\t\t\t\t<\/div>\n\t\t<div class=\"elementor-element elementor-element-f4cf099 e-con-full e-flex e-con e-child\" data-id=\"f4cf099\" data-element_type=\"container\" data-e-type=\"container\">\n\t\t\t\t<div class=\"elementor-element elementor-element-dbbf9eb elementor-widget elementor-widget-image\" data-id=\"dbbf9eb\" data-element_type=\"widget\" data-e-type=\"widget\" data-widget_type=\"image.default\">\n\t\t\t\t<div class=\"elementor-widget-container\">\n\t\t\t\t\t\t\t\t\t\t\t\t\t\t\t<img loading=\"lazy\" decoding=\"async\" width=\"140\" height=\"118\" src=\"https:\/\/conoscanopy.com\/wp-content\/themes\/woodmart\/images\/lazy.svg\" class=\"attachment-medium size-medium wp-image-28454 wd-lazy-fade\" alt=\"\" data-src=\"https:\/\/conoscanopy.com\/wp-content\/uploads\/2024\/06\/w-fonts-quotes-1.svg\" srcset=\"\" title=\"\">\t\t\t\t\t\t\t\t\t\t\t\t\t\t\t<\/div>\n\t\t\t\t<\/div>\n\t\t\t\t<\/div>\n\t\t\t\t\t<\/div>\n\t\t\t\t<\/div>\n\t\t<div class=\"wd-negative-gap elementor-element elementor-element-7c7c544 e-flex e-con-boxed e-con e-parent\" data-id=\"7c7c544\" data-element_type=\"container\" data-e-type=\"container\">\n\t\t\t\t\t<div class=\"e-con-inner\">\n\t\t<div class=\"elementor-element elementor-element-e7cb5cd e-con-full e-flex e-con e-child\" data-id=\"e7cb5cd\" data-element_type=\"container\" data-e-type=\"container\">\n\t\t\t\t<div class=\"elementor-element elementor-element-56aec39 elementor-widget__width-inherit elementor-widget elementor-widget-wd_image_or_svg\" data-id=\"56aec39\" data-element_type=\"widget\" data-e-type=\"widget\" data-widget_type=\"wd_image_or_svg.default\">\n\t\t\t\t<div class=\"elementor-widget-container\">\n\t\t\t\t\t\n\t\t<div class=\"wd-image text-left\">\n\t\t\t\t\t\t\t\t<img loading=\"lazy\" decoding=\"async\" width=\"591\" height=\"800\" src=\"https:\/\/conoscanopy.com\/wp-content\/uploads\/2021\/08\/lookbook4-591x800.jpg\" class=\"attachment-large size-large\" alt=\"73SB6600\" srcset=\"https:\/\/conoscanopy.com\/wp-content\/uploads\/2021\/08\/lookbook4-591x800.jpg 591w, https:\/\/conoscanopy.com\/wp-content\/uploads\/2021\/08\/lookbook4-430x582.jpg 430w, https:\/\/conoscanopy.com\/wp-content\/uploads\/2021\/08\/lookbook4-150x203.jpg 150w, https:\/\/conoscanopy.com\/wp-content\/uploads\/2021\/08\/lookbook4-222x300.jpg 222w, https:\/\/conoscanopy.com\/wp-content\/uploads\/2021\/08\/lookbook4.jpg 600w\" sizes=\"auto, (max-width: 591px) 100vw, 591px\" title=\"\">\t\t\t\t\t<\/div>\n\n\t\t\t\t\t\t<\/div>\n\t\t\t\t<\/div>\n\t\t\t\t<div class=\"elementor-element elementor-element-3e05bc6 elementor-widget__width-inherit elementor-widget elementor-widget-wd_image_or_svg\" data-id=\"3e05bc6\" data-element_type=\"widget\" data-e-type=\"widget\" data-widget_type=\"wd_image_or_svg.default\">\n\t\t\t\t<div class=\"elementor-widget-container\">\n\t\t\t\t\t\n\t\t<div class=\"wd-image text-left\">\n\t\t\t\t\t\t\t\t<img loading=\"lazy\" decoding=\"async\" width=\"589\" height=\"800\" src=\"https:\/\/conoscanopy.com\/wp-content\/uploads\/2024\/06\/canopy-outside-1-1-589x800.jpg\" class=\"attachment-large size-large\" alt=\"\" srcset=\"https:\/\/conoscanopy.com\/wp-content\/uploads\/2024\/06\/canopy-outside-1-1-589x800.jpg 589w, https:\/\/conoscanopy.com\/wp-content\/uploads\/2024\/06\/canopy-outside-1-1-430x584.jpg 430w, https:\/\/conoscanopy.com\/wp-content\/uploads\/2024\/06\/canopy-outside-1-1-150x204.jpg 150w, https:\/\/conoscanopy.com\/wp-content\/uploads\/2024\/06\/canopy-outside-1-1-221x300.jpg 221w, https:\/\/conoscanopy.com\/wp-content\/uploads\/2024\/06\/canopy-outside-1-1.jpg 620w\" sizes=\"auto, (max-width: 589px) 100vw, 589px\" title=\"\">\t\t\t\t\t<\/div>\n\n\t\t\t\t\t\t<\/div>\n\t\t\t\t<\/div>\n\t\t\t\t<\/div>\n\t\t<div class=\"elementor-element elementor-element-97d6084 e-con-full e-flex e-con e-child\" data-id=\"97d6084\" data-element_type=\"container\" data-e-type=\"container\">\n\t\t\t\t<div class=\"elementor-element elementor-element-98d830b elementor-widget__width-initial wd-width-100 elementor-widget elementor-widget-wd_title\" data-id=\"98d830b\" data-element_type=\"widget\" data-e-type=\"widget\" data-widget_type=\"wd_title.default\">\n\t\t\t\t<div class=\"elementor-widget-container\">\n\t\t\t\t\t\t\t<div class=\"title-wrapper wd-set-mb reset-last-child wd-title-color-primary wd-title-style-default wd-title-size-large text-left\">\n\n\t\t\t\n\t\t\t<div class=\"liner-continer\">\n\t\t\t\t<h4 class=\"woodmart-title-container title wd-fontsize-xxl\">Me armastame seda, mida me teeme<br \/>\n<\/h4> \n\t\t\t\t\t\t\t<\/div>\n\n\t\t\t\t\t<\/div>\n\t\t\t\t\t\t<\/div>\n\t\t\t\t<\/div>\n\t\t\t\t<div class=\"elementor-element elementor-element-66e47ad elementor-widget elementor-widget-wd_text_block\" data-id=\"66e47ad\" data-element_type=\"widget\" data-e-type=\"widget\" data-widget_type=\"wd_text_block.default\">\n\t\t\t\t<div class=\"elementor-widget-container\">\n\t\t\t\t\t\t\t<div class=\"wd-text-block reset-last-child text-left\">\n\t\t\t\n\t\t\t<p><span style=\"font-weight: 400;\">Pol\u00fckarbonaadist varikatuste tootmine sai minu jaoks t\u00f5eliseks kutsumuseks, ootamatuks p\u00f6\u00f6rdepunktiks elus, mis l\u00f5puks viis \"CONOSi\" - maailma parimate varikatuste - s\u00fcnnini.<\/span><\/p><p><span style=\"font-weight: 400;\">Minu esimesed sammud selles suunas olid tingitud rahulolematusest standardsete, tavaliste visiiridega, mis paigaldatakse garaa\u017eiuste kohale. Soovides midagi stiilsemat ja moodsamat, hakkasin unistama kergest varikatusest, mis sobiks ideaalselt oma kodu v\u00e4limusega. <\/span><\/p><p><span style=\"font-weight: 400;\">M\u00f5istes, et ma ei ole ainus, kes otsib lihtsat, moodsat ja usaldusv\u00e4\u00e4rset varikatust sademete eest, otsustasin oma unistused teoks teha. Ja n\u00fc\u00fcd, t\u00e4nu hoolikale projekteerimisele ja mitmete kuude pikkusele t\u00f6\u00f6le, s\u00fcndis uus elu - \"CONOS\". <\/span><\/p>\n\t\t\t\t\t<\/div>\n\t\t\t\t\t\t<\/div>\n\t\t\t\t<\/div>\n\t\t\t\t<\/div>\n\t\t\t\t\t<\/div>\n\t\t\t\t<\/div>\n\t\t<div class=\"wd-negative-gap elementor-element elementor-element-40f7bf5 e-flex e-con-boxed e-con e-parent\" data-id=\"40f7bf5\" data-element_type=\"container\" data-e-type=\"container\">\n\t\t\t\t\t<div class=\"e-con-inner\">\n\t\t<div class=\"elementor-element elementor-element-85e7837 e-con-full e-flex e-con e-child\" data-id=\"85e7837\" data-element_type=\"container\" data-e-type=\"container\">\n\t\t\t\t<div class=\"elementor-element elementor-element-9ec4d65 elementor-widget__width-initial wd-width-100 elementor-widget elementor-widget-wd_title\" data-id=\"9ec4d65\" data-element_type=\"widget\" data-e-type=\"widget\" data-widget_type=\"wd_title.default\">\n\t\t\t\t<div class=\"elementor-widget-container\">\n\t\t\t\t\t\t\t<div class=\"title-wrapper wd-set-mb reset-last-child wd-title-color-primary wd-title-style-default wd-title-size-large text-left\">\n\n\t\t\t\n\t\t\t<div class=\"liner-continer\">\n\t\t\t\t<h4 class=\"woodmart-title-container title wd-fontsize-xxl\"><span>Meie t\u00f6\u00f6 areneb edasi<\/span><span><\/span><\/h4> \n\t\t\t\t\t\t\t<\/div>\n\n\t\t\t\t\t<\/div>\n\t\t\t\t\t\t<\/div>\n\t\t\t\t<\/div>\n\t\t\t\t<div class=\"elementor-element elementor-element-495506a elementor-widget elementor-widget-wd_text_block\" data-id=\"495506a\" data-element_type=\"widget\" data-e-type=\"widget\" data-widget_type=\"wd_text_block.default\">\n\t\t\t\t<div class=\"elementor-widget-container\">\n\t\t\t\t\t\t\t<div class=\"wd-text-block reset-last-child text-left\">\n\t\t\t\n\t\t\t<p>Meie visiiride tootmisega on seotud palju erinevaid inimesi. Valut\u00f6\u00f6lised, monteerijad, l\u00f5ikajad, pakendajad, kvaliteedikontrollijad ja meie tegevjuht Andrei. <\/p>\n\t\t\t\t\t<\/div>\n\t\t\t\t\t\t<\/div>\n\t\t\t\t<\/div>\n\t\t<div class=\"elementor-element elementor-element-2e26c40 e-con-full e-flex e-con e-child\" data-id=\"2e26c40\" data-element_type=\"container\" data-e-type=\"container\">\n\t\t\t\t<div class=\"elementor-element elementor-element-b12823c elementor-widget__width-initial elementor-widget elementor-widget-wd_infobox\" data-id=\"b12823c\" data-element_type=\"widget\" data-e-type=\"widget\" data-widget_type=\"wd_infobox.default\">\n\t\t\t\t<div class=\"elementor-widget-container\">\n\t\t\t\t\t\t\t<div class=\"info-box-wrapper\">\n\t\t\t<div class=\"wd-info-box text-left box-icon-align-left box-style-base color-scheme- wd-items-middle\">\n\t\t\t\t\t\t\t\t\t<div class=\"box-icon-wrapper  box-with-icon box-icon-simple\">\n\t\t\t\t\t\t<div class=\"info-box-icon\">\n\t\t\t\t\t\t\t\t\t\t\t\t\t\t\t<div class=\"info-svg-wrapper\" style=\"width:45px; height:45px;\"><img decoding=\"async\" class=\" wd-lazy-fade\" src=\"https:\/\/conoscanopy.com\/wp-content\/themes\/woodmart\/images\/lazy.svg\" data-src=\"https:\/\/conoscanopy.com\/wp-content\/uploads\/2024\/06\/car-01.svg\" title=\"car-01\" loading=\"lazy\" width=\"45\" height=\"45\" alt=\"\"><\/div>\t\t\t\t\t\t\t\t\t\t\t\t\t<\/div>\n\t\t\t\t\t<\/div>\n\t\t\t\t\n\t\t\t\t<div class=\"info-box-content\">\n\t\t\t\t\t\n\t\t\t\t\t\t\t\t\t\t\t<h4\t\t\t\t\t\tclass=\"info-box-title title box-title-style-default wd-fontsize-s\" data-elementor-setting-key=\"title\">\n\t\t\t\t\t\t\t\tOleme lisanud k\u00e4epideme kasti transportimiseks.\t\t\t\t\t\t<\/h4>\n\t\t\t\t\t\n\t\t\t\t\t<div class=\"info-box-inner reset-last-child\"data-elementor-setting-key=\"content\"><\/div>\n\n\t\t\t\t\t\t\t\t\t<\/div>\n\n\t\t\t\t\t\t\t\t\t<a href=\"#\" class=\"wd-info-box-link wd-fill\" aria-label=\"Infobox link\"><\/a>\n\t\t\t\t\t\t\t<\/div>\n\t\t<\/div>\n\t\t\t\t\t\t<\/div>\n\t\t\t\t<\/div>\n\t\t\t\t<div class=\"elementor-element elementor-element-08c696d elementor-widget__width-initial elementor-widget elementor-widget-wd_infobox\" data-id=\"08c696d\" data-element_type=\"widget\" data-e-type=\"widget\" data-widget_type=\"wd_infobox.default\">\n\t\t\t\t<div class=\"elementor-widget-container\">\n\t\t\t\t\t\t\t<div class=\"info-box-wrapper\">\n\t\t\t<div class=\"wd-info-box text-left box-icon-align-left box-style-base color-scheme- wd-items-middle\">\n\t\t\t\t\t\t\t\t\t<div class=\"box-icon-wrapper  box-with-icon box-icon-simple\">\n\t\t\t\t\t\t<div class=\"info-box-icon\">\n\t\t\t\t\t\t\t\t\t\t\t\t\t\t\t<div class=\"info-svg-wrapper\" style=\"width:45px; height:45px;\"><img decoding=\"async\" class=\" wd-lazy-fade\" src=\"https:\/\/conoscanopy.com\/wp-content\/themes\/woodmart\/images\/lazy.svg\" data-src=\"https:\/\/conoscanopy.com\/wp-content\/uploads\/2024\/06\/heart-hand.svg\" title=\"heart-hand\" loading=\"lazy\" width=\"45\" height=\"45\" alt=\"\"><\/div>\t\t\t\t\t\t\t\t\t\t\t\t\t<\/div>\n\t\t\t\t\t<\/div>\n\t\t\t\t\n\t\t\t\t<div class=\"info-box-content\">\n\t\t\t\t\t\n\t\t\t\t\t\t\t\t\t\t\t<h4\t\t\t\t\t\tclass=\"info-box-title title box-title-style-default wd-fontsize-s\" data-elementor-setting-key=\"title\">\n\t\t\t\t\t\t\t\tMe saadame tellimusi iga p\u00e4ev\t\t\t\t\t\t<\/h4>\n\t\t\t\t\t\n\t\t\t\t\t<div class=\"info-box-inner reset-last-child\"data-elementor-setting-key=\"content\"><\/div>\n\n\t\t\t\t\t\t\t\t\t<\/div>\n\n\t\t\t\t\t\t\t\t\t<a href=\"#\" class=\"wd-info-box-link wd-fill\" aria-label=\"Infobox link\"><\/a>\n\t\t\t\t\t\t\t<\/div>\n\t\t<\/div>\n\t\t\t\t\t\t<\/div>\n\t\t\t\t<\/div>\n\t\t\t\t<\/div>\n\t\t\t\t<\/div>\n\t\t<div class=\"elementor-element elementor-element-0187396 e-con-full e-flex e-con e-child\" data-id=\"0187396\" data-element_type=\"container\" data-e-type=\"container\">\n\t\t\t\t<div class=\"elementor-element elementor-element-d2a482d wd-width-100 elementor-widget elementor-widget-wd_video\" data-id=\"d2a482d\" data-element_type=\"widget\" data-e-type=\"widget\" data-widget_type=\"wd_video.default\">\n\t\t\t\t<div class=\"elementor-widget-container\">\n\t\t\t\t\t\n\t\t<div class=\"wd-el-video wd-action-overlay wd-video-hosted wd-with-aspect-ratio\">\n\t\t\t\t\t\t\t<video data-lazy-load=\"https:\/\/conoscanopy.com\/wp-content\/uploads\/2024\/06\/Conos-one-video.mp4\" playsinline muted controls><\/video>\t\t\t\n\t\t\t\n\t\t\t\n\t\t\t\t\t\t\t<div class=\"wd-el-video-overlay wd-fill\">\n\t\t\t\t\t<img loading=\"lazy\" decoding=\"async\" width=\"1920\" height=\"1080\" src=\"https:\/\/conoscanopy.com\/wp-content\/uploads\/2024\/02\/73SW5500_1.png\" class=\"attachment-full size-full\" alt=\"\" title=\"\">\t\t\t\t<\/div>\n\t\t\t\t<div class=\"wd-el-video-control color-scheme-light wd-fill\">\n\t\t\t\t\t<span class=\"wd-el-video-play-btn\"><\/span>\n\t\t\t\t\t\t\t\t\t<\/div>\n\n\t\t\t\t<a class=\"wd-el-video-link wd-el-video-btn-overlay wd-fill wd-el-video-hosted\" href=\"#6a0598b8e9f95\" aria-label=\"Play video\"><\/a>\n\t\t\t\t\t<\/div>\n\t\t\t\t\t\t<\/div>\n\t\t\t\t<\/div>\n\t\t\t\t<\/div>\n\t\t\t\t\t<\/div>\n\t\t\t\t<\/div>\n\t\t\t\t<\/div>\n\t\t","protected":false},"excerpt":{"rendered":"<p>Ilu peitub lihtsates detailides. Meie tooted on ettevalmistuse, k\u00f5rge teeninduse ja kvaliteedikontrolli tulemus. Autor: Andrey Anu\u0161kin Me armastame seda, mida<\/p>\n","protected":false},"author":3,"featured_media":0,"parent":0,"menu_order":0,"comment_status":"closed","ping_status":"closed","template":"","meta":{"footnotes":""},"class_list":["post-28610","page","type-page","status-publish","hentry"],"_links":{"self":[{"href":"https:\/\/conoscanopy.com\/et\/wp-json\/wp\/v2\/pages\/28610","targetHints":{"allow":["GET"]}}],"collection":[{"href":"https:\/\/conoscanopy.com\/et\/wp-json\/wp\/v2\/pages"}],"about":[{"href":"https:\/\/conoscanopy.com\/et\/wp-json\/wp\/v2\/types\/page"}],"author":[{"embeddable":true,"href":"https:\/\/conoscanopy.com\/et\/wp-json\/wp\/v2\/users\/3"}],"replies":[{"embeddable":true,"href":"https:\/\/conoscanopy.com\/et\/wp-json\/wp\/v2\/comments?post=28610"}],"version-history":[{"count":10,"href":"https:\/\/conoscanopy.com\/et\/wp-json\/wp\/v2\/pages\/28610\/revisions"}],"predecessor-version":[{"id":29736,"href":"https:\/\/conoscanopy.com\/et\/wp-json\/wp\/v2\/pages\/28610\/revisions\/29736"}],"wp:attachment":[{"href":"https:\/\/conoscanopy.com\/et\/wp-json\/wp\/v2\/media?parent=28610"}],"curies":[{"name":"wp","href":"https:\/\/api.w.org\/{rel}","templated":true}]}}