{"id":29055,"date":"2024-06-21T06:42:08","date_gmt":"2024-06-21T03:42:08","guid":{"rendered":"https:\/\/conoscanopy.com\/cookie-richtlinie\/"},"modified":"2024-11-26T15:39:29","modified_gmt":"2024-11-26T13:39:29","slug":"cookie-richtlinie","status":"publish","type":"page","link":"https:\/\/conoscanopy.com\/de\/cookie-richtlinie\/","title":{"rendered":"Cookie-Richtlinie"},"content":{"rendered":"\n<h1 class=\"wp-block-heading\">Cookie-Richtlinie<\/h1>\n\n<p>Datum des Inkrafttretens: 21-Juni-2024<br \/>Zuletzt aktualisiert: 21-Juni-2024<\/p>\n\n<h5 class=\"wp-block-heading\">Was sind Cookies?<\/h5>\n\n<p>Diese Cookie-Richtlinie erkl\u00e4rt, was Cookies sind, wie wir sie verwenden, welche Arten von Cookies wir einsetzen, welche Informationen wir mithilfe von Cookies sammeln, wie diese Informationen verwendet werden und wie Sie die Cookie-Einstellungen verwalten k\u00f6nnen.<br \/>Cookies sind kleine Textdateien, die zur Speicherung kleiner Informationsmengen dienen. Sie werden auf Ihrem Ger\u00e4t abgelegt, wenn die Website \u00fcber Ihren Browser geladen wird.<\/p>\n\n<p>Diese Cookies helfen uns, die Website ordnungsgem\u00e4\u00df betreiben zu k\u00f6nnen, sie sicherer zu machen, die Benutzerfreundlichkeit zu verbessern und zu verstehen, wie die Website funktioniert, um analysieren zu k\u00f6nnen, was funktioniert und wo sie verbessert werden muss.<\/p>\n\n<h5 class=\"wp-block-heading\">Wie verwenden wir Cookies?<\/h5>\n\n<p>Wie die meisten Online-Dienste verwendet auch unsere Website Erstanbieter- und Drittanbieter-Cookies f\u00fcr verschiedene Zwecke. Erstanbieter-Cookies sind in den meisten F\u00e4llen notwendig, damit die Website ordnungsgem\u00e4\u00df funktioniert, und sie erfassen keine personenbezogenen Daten von Ihnen.<\/p>\n\n<p>Die Drittanbieter-Cookies, die auf unserer Website verwendet werden, dienen haupts\u00e4chlich dazu, zu verstehen, wie die Website funktioniert, wie Sie mit unserer Website interagieren, unsere Dienste sicher zu halten, Ihnen relevante Werbung anzubieten und Ihnen insgesamt eine bessere und optimierte Benutzererfahrung zu bieten sowie Ihre zuk\u00fcnftigen Interaktionen mit unserer Website zu beschleunigen.<\/p>\n\n<h5 class=\"wp-block-heading\">Arten von Cookies, die wir verwenden<\/h5>\n\n<p><b>Erforderlich<\/b><b><br \/><\/b>Notwendige Cookies sind erforderlich, um die grundlegenden Funktionen dieser Website zu erm\u00f6glichen, wie z. B. das sichere Einloggen oder die Anpassung Ihrer Einwilligungseinstellungen. Diese Cookies speichern keine pers\u00f6nlich identifizierbaren Daten.<\/p>\n<p><b>COOKIE | DAUER | BESCHREIBUNG<\/b><\/p>\n<p><b>cookieyes-Zustimmung<\/b><b><br \/><\/b><i>1 Jahr<\/i><i><br \/><\/i>CookieYes setzt dieses Cookie, um sich die Einwilligungspr\u00e4ferenzen der Benutzer zu merken, damit ihre Pr\u00e4ferenzen bei sp\u00e4teren Besuchen dieser Website beachtet werden. Es werden keine pers\u00f6nlichen Informationen \u00fcber die Besucher der Website gesammelt oder gespeichert.<\/p>\n<p><b>shop_pro_seite<\/b><b><br \/><\/b><i>Sitzung<\/i><i><br \/><\/i>WP Event Manager setzt dieses Cookie, um die Wahl des Besuchers zu speichern, die Anzahl der angezeigten Produkte pro Shop-Seite festzulegen.<\/p>\n<p><b>woocommerce_Artikel_im_Warenkorb<\/b><b><br \/><\/b><i>Sitzung<\/i><i><br \/><\/i>WooCommerce setzt dieses Cookie, um zu speichern, ob sich Artikel im WooCommerce-Warenkorb befinden.<\/p>\n<p><b>woocommerce_Warenkorb_Hash<\/b><b><br \/><\/b><i>Sitzung<\/i><i><br \/><\/i>WooCommerce setzt dieses Cookie, um festzustellen, wann sich der Inhalt\/die Daten des Warenkorbs \u00e4ndern.<\/p>\n<p><b>wp_woocommerce_session_<\/b>*<br \/><i>2 Tage<\/i><i><br \/><\/i>WooCommerce setzt dieses Cookie, um einen eindeutigen Code f\u00fcr jeden Kunden zu erstellen, damit es wei\u00df, wo es die Daten des Warenkorbs in der Datenbank f\u00fcr jeden einzelnen Kunden finden kann.<\/p>\n<p><b>Analytik<\/b><\/p>\n<p>Analytische Cookies werden verwendet, um zu verstehen, wie Besucher mit der Website interagieren. Diese Cookies helfen dabei, Informationen \u00fcber Metriken wie die Anzahl der Besucher, die Absprungrate, die Verkehrsquelle usw. zu liefern.<\/p>\n<p><b>COOKIE | DAUER | BESCHREIBUNG<\/b><\/p>\n<p><b>sbjs_migrationen<\/b><b><br \/><\/b><i>Sitzung<\/i><i><br \/><\/i>Sourcebuster setzt dieses Cookie, um die Quelle eines Besuchs zu identifizieren und speichert Informationen \u00fcber Benutzeraktionen in Cookies. Dieses analytische und verhaltensbasierte Cookie wird verwendet, um das Besuchererlebnis auf der Website zu verbessern.<\/p>\n<p><b>sbjs_aktuell_hinzuf\u00fcgen<\/b><b><br \/><\/b><i>Sitzung<\/i><i><br \/><\/i>Sourcebuster setzt dieses Cookie, um die Quelle eines Besuchs zu identifizieren und speichert Informationen \u00fcber Benutzeraktionen in Cookies. Dieses analytische und verhaltensbezogene Cookie wird verwendet, um die Besuchererfahrung auf der Website zu verbessern.<\/p>\n<p><b>sbjs_erste_hinzuf\u00fcgung<\/b><b><br \/><\/b><i>Sitzung<\/i><i><br \/><\/i>Sourcebuster setzt dieses Cookie, um die Quelle eines Besuchs zu identifizieren und speichert Informationen \u00fcber Benutzeraktionen in Cookies. Dieses analytische und verhaltensbezogene Cookie wird verwendet, um die Besuchererfahrung auf der Website zu verbessern.<\/p>\n<p><b>sbjs_current<\/b><b><br \/><\/b><i>Sitzung<\/i><i><br \/><\/i>Sourcebuster setzt dieses Cookie, um die Quelle eines Besuchs zu identifizieren und speichert Informationen \u00fcber Benutzeraktionen in Cookies. Dieses analytische und verhaltensbezogene Cookie wird verwendet, um die Besuchererfahrung auf der Website zu verbessern.<\/p>\n<p><b>sbjs_erste<\/b><b><br \/><\/b><i>Sitzung<\/i><i><br \/><\/i>Sourcebuster setzt dieses Cookie, um die Quelle eines Besuchs zu identifizieren und speichert Informationen \u00fcber Benutzeraktionen in Cookies. Dieses analytische und verhaltensorientierte Cookie wird verwendet, um die Besuchererfahrung auf der Website zu verbessern.<\/p>\n<p><b>sbjs_udata<\/b><b><br \/><\/b><i>Sitzung<\/i><i><br \/><\/i>Sourcebuster setzt diesen Cookie, um die Quelle eines Besuchs zu identifizieren und speichert Informationen \u00fcber Benutzeraktionen in Cookies. Dieses analytische und verhaltensorientierte Cookie wird verwendet, um die Besuchererfahrung auf der Website zu verbessern.<\/p>\n<p><b>sbjs_session<\/b><b><br \/><\/b><i>1 Stunde<\/i><i><br \/><\/i>Sourcebuster setzt dieses Cookie, um die Quelle eines Besuchs zu identifizieren und speichert Informationen \u00fcber Benutzeraktionen in Cookies. Dieser analytische und verhaltensbezogene Cookie wird verwendet, um die Besuchererfahrung auf der Website zu verbessern.<\/p>\n<p><b>Werbung<\/b><b><br \/><\/b>Werbe-Cookies werden verwendet, um Besuchern ma\u00dfgeschneiderte Werbung auf der Grundlage der zuvor besuchten Seiten zu zeigen und die Wirksamkeit der Werbekampagnen zu analysieren.<\/p>\n<p><b>COOKIE | DAUER | BESCHREIBUNG<\/b><\/p>\n<p><b>Shop_Ansicht<\/b><b><br \/><\/b><i>Sitzung<\/i><i><br \/><\/i>WC Multivendor Marketplace setzt dieses Cookie, um die Wahl des Besuchers zu speichern, wie viele Produkte pro Seite auf den Shop-Seiten angezeigt werden sollen.<\/p>\n<p><b>shop_pro_Zeile<\/b><b><br \/><\/b><i>Sitzung<\/i><i><br \/><\/i>WC Multivendor Marketplace setzt dieses Cookie, um die Auswahl des Besuchers zu speichern, wie viele Produkte pro Seite auf den Shop-Seiten angezeigt werden sollen.<\/p>\n<p><b>Nicht kategorisiert<\/b><b><br \/><\/b>Andere nicht kategorisierte Cookies sind solche, die gerade analysiert werden und noch nicht in eine Kategorie eingeordnet wurden.<\/p>\n<p><b>COOKIE | DAUER | BESCHREIBUNG<\/b><\/p>\n<b>woodmart_k\u00fcrzlich_angesehene_Produkte<\/b><b><br \/><\/b><i>7 Tage<\/i><i><br \/><\/i>Die Beschreibung ist derzeit nicht verf\u00fcgbar.\n\n<h5 class=\"wp-block-heading\">Cookie-Einstellungen verwalten<\/h5>\n\n<p><a>Cookie-Einstellungen<\/a> <\/p>\n\n<p>Sie k\u00f6nnen Ihre Cookie-Einstellungen jederzeit \u00e4ndern, indem Sie auf die obige Schaltfl\u00e4che klicken. Auf diese Weise k\u00f6nnen Sie das Cookie-Einwilligungsbanner erneut aufrufen und Ihre Einstellungen \u00e4ndern oder Ihre Einwilligung sofort widerrufen.<\/p>\n\n<p>Dar\u00fcber hinaus bieten verschiedene Browser unterschiedliche Methoden zum Blockieren und L\u00f6schen von Cookies, die von Websites verwendet werden. Sie k\u00f6nnen die Einstellungen Ihres Browsers \u00e4ndern, um die Cookies zu blockieren\/l\u00f6schen. Nachfolgend finden Sie Links zu den Support-Dokumenten der wichtigsten Webbrowser, in denen beschrieben wird, wie Sie Cookies verwalten und l\u00f6schen k\u00f6nnen.<\/p>\n\n<p>Chrome: <a href=\"https:\/\/support.google.com\/accounts\/answer\/32050\" target=\"_blank\" rel=\"noreferrer noopener\">https:\/\/support.google.com\/accounts\/answer\/32050<\/a><\/p>\n\n\n<p class=\"is-nowrap is-layout-flex wp-container-core-group-is-layout-ad2f72ca wp-block-group-is-layout-flex\">Safari: <a href=\"https:\/\/support.apple.com\/en-in\/guide\/safari\/sfri11471\/mac\" target=\"_blank\" rel=\"noreferrer noopener\">https:\/\/support.apple.com\/en-in\/guide\/safari\/sfri11471\/mac<\/a><\/p>\n\n\n<p>Firefox: <a href=\"https:\/\/support.mozilla.org\/en-US\/kb\/clear-cookies-and-site-data-firefox?redirectslug=delete-cookies-remove-info-websites-stored&amp;redirectlocale=en-US\" target=\"_blank\" rel=\"noreferrer noopener\">https:\/\/support.mozilla.org\/en-US\/kb\/clear-cookies-and-site-data-firefox?redirectslug=delete-cookies-remove-info-websites-stored&amp;redirectlocale=en-US<\/a><\/p>\n\n<p>Internet Explorer: <a href=\"https:\/\/support.microsoft.com\/en-us\/topic\/how-to-delete-cookie-files-in-internet-explorer-bca9446f-d873-78de-77ba-d42645fa52fc\" target=\"_blank\" rel=\"noreferrer noopener\">https:\/\/support.microsoft.com\/en-us\/topic\/how-to-delete-cookie-files-in-internet-explorer-bca9446f-d873-78de-77ba-d42645fa52fc<\/a><\/p>\n\n<p>Wenn Sie einen anderen Webbrowser verwenden, besuchen Sie bitte die offiziellen Support-Dokumente Ihres Browsers.<\/p>\n","protected":false},"excerpt":{"rendered":"<p>Cookie-Richtlinie Datum des Inkrafttretens: 21-Juni-2024Zuletzt aktualisiert: 21-Juni-2024 Was sind Cookies? Diese Cookie-Richtlinie erkl\u00e4rt, was Cookies sind, wie wir sie verwenden,<\/p>\n","protected":false},"author":3,"featured_media":0,"parent":0,"menu_order":0,"comment_status":"closed","ping_status":"closed","template":"","meta":{"footnotes":""},"class_list":["post-29055","page","type-page","status-publish","hentry"],"_links":{"self":[{"href":"https:\/\/conoscanopy.com\/de\/wp-json\/wp\/v2\/pages\/29055","targetHints":{"allow":["GET"]}}],"collection":[{"href":"https:\/\/conoscanopy.com\/de\/wp-json\/wp\/v2\/pages"}],"about":[{"href":"https:\/\/conoscanopy.com\/de\/wp-json\/wp\/v2\/types\/page"}],"author":[{"embeddable":true,"href":"https:\/\/conoscanopy.com\/de\/wp-json\/wp\/v2\/users\/3"}],"replies":[{"embeddable":true,"href":"https:\/\/conoscanopy.com\/de\/wp-json\/wp\/v2\/comments?post=29055"}],"version-history":[{"count":4,"href":"https:\/\/conoscanopy.com\/de\/wp-json\/wp\/v2\/pages\/29055\/revisions"}],"predecessor-version":[{"id":29951,"href":"https:\/\/conoscanopy.com\/de\/wp-json\/wp\/v2\/pages\/29055\/revisions\/29951"}],"wp:attachment":[{"href":"https:\/\/conoscanopy.com\/de\/wp-json\/wp\/v2\/media?parent=29055"}],"curies":[{"name":"wp","href":"https:\/\/api.w.org\/{rel}","templated":true}]}}