{"id":29049,"date":"2024-06-03T21:24:06","date_gmt":"2024-06-03T18:24:06","guid":{"rendered":"https:\/\/conoscanopy.com\/datenschutzrichtlinie\/"},"modified":"2024-11-26T15:43:35","modified_gmt":"2024-11-26T13:43:35","slug":"datenschutzrichtlinie","status":"publish","type":"page","link":"https:\/\/conoscanopy.com\/de\/datenschutzrichtlinie\/","title":{"rendered":"Datenschutzrichtlinie"},"content":{"rendered":"\n<h1 class=\"wp-block-heading\">Datenschutzrichtlinie<\/h1>\n\n<p>Datum des Inkrafttretens: 21-Juni-2024<br\/>Zuletzt aktualisiert: 21-Juni-2024<\/p>\n\n<p>Diese Datenschutzrichtlinie beschreibt die Richtlinien von ALMARTA \u041e\u00dc, Kesk Tee 36-10, Aaviku 75305, Estland, E-Mail: <a href=\"mailto:conos@conoscanopy.com\">conos@conoscanopy.com<\/a>, Telefon: +372 5386 4530, bez\u00fcglich der Erfassung, Verwendung und Offenlegung Ihrer Daten, die wir bei der Nutzung unserer Website (https:\/\/conoscanopy.com) erfassen (der \u201eDienst\u201c). Indem Sie auf den Dienst zugreifen oder ihn nutzen, erkl\u00e4ren Sie sich mit der Erfassung, Verwendung und Weitergabe Ihrer Daten in \u00dcbereinstimmung mit dieser Datenschutzrichtlinie einverstanden. Wenn Sie damit nicht einverstanden sind, bitten wir Sie, den Dienst nicht zu nutzen.   <\/p>\n\n<p>Wir k\u00f6nnen diese Datenschutzrichtlinie jederzeit ohne vorherige Benachrichtigung an Sie \u00e4ndern und werden die \u00fcberarbeitete Datenschutzrichtlinie im Dienst ver\u00f6ffentlichen. Die ge\u00e4nderte Richtlinie tritt 180 Tage nach der Ver\u00f6ffentlichung der ge\u00e4nderten Richtlinie im Dienst in Kraft. Wenn Sie nach diesem Zeitpunkt weiterhin auf den Dienst zugreifen oder ihn nutzen, erkl\u00e4ren Sie sich mit der ge\u00e4nderten Datenschutzrichtlinie einverstanden. Wir empfehlen Ihnen daher, diese Seite regelm\u00e4\u00dfig zu \u00fcberpr\u00fcfen.  <\/p>\n\n<h5 class=\"wp-block-heading\">INFORMATIONEN, DIE WIR SAMMELN:<\/h5>\n\n<p>Wir werden die folgenden personenbezogenen Daten \u00fcber Sie sammeln und verarbeiten:<\/p>\n\n<ul class=\"wp-block-list\">\n<li>Name<\/li>\n\n\n\n<li>E-Mail<\/li>\n\n\n\n<li>Mobiltelefonnummer<\/li>\n\n\n\n<li>Geburtsdatum<\/li>\n\n\n\n<li>Anschrift<\/li>\n\n\n\n<li>Arbeitsadresse<\/li>\n\n\n\n<li>Zahlungsinformationen<\/li>\n<\/ul>\n\n<h5 class=\"wp-block-heading\">WIE WIR IHRE INFORMATIONEN SAMMELN:<\/h5>\n\n<p>Wir sammeln\/erhalten Informationen \u00fcber Sie auf folgende Weise:<\/p>\n\n<ul class=\"wp-block-list\">\n<li>Wenn ein Benutzer das Registrierungsformular ausf\u00fcllt oder auf andere Weise pers\u00f6nliche Informationen \u00fcbermittelt<\/li>\n\n\n\n<li>Wenn Sie mit der Website interagieren<\/li>\n\n\n\n<li>Aus \u00f6ffentlichen Quellen<\/li>\n<\/ul>\n\n<h5 class=\"wp-block-heading\">WIE WIR IHRE INFORMATIONEN VERWENDEN:<\/h5>\n\n<p>Wir verwenden die Informationen, die wir \u00fcber Sie sammeln, f\u00fcr die folgenden Zwecke:<\/p>\n\n<ul class=\"wp-block-list\">\n<li>Marketing\/Werbung<\/li>\n\n\n\n<li>Erstellung eines Benutzerkontos<\/li>\n\n\n\n<li>Empfehlungsmarketing<\/li>\n\n\n\n<li>Sammlung von Kundenfeedback<\/li>\n\n\n\n<li>Zahlungsabwicklung<\/li>\n\n\n\n<li>Unterst\u00fctzung<\/li>\n\n\n\n<li>Verwaltung von Informationen<\/li>\n\n\n\n<li>Gezielte Werbung<\/li>\n\n\n\n<li>Verwaltung von Kundenauftr\u00e4gen<\/li>\n\n\n\n<li>Streitschlichtung<\/li>\n\n\n\n<li>Verwaltung von Benutzerkonten<\/li>\n<\/ul>\n\n<p>Wenn wir Ihre Daten f\u00fcr einen anderen Zweck verwenden m\u00f6chten, werden wir Sie um Ihre Zustimmung bitten und Ihre Daten nur nach Erhalt Ihrer Zustimmung und dann nur f\u00fcr den\/die Zweck(e) verwenden, dem\/denen Sie zugestimmt haben, es sei denn, wir sind gesetzlich zu etwas anderem verpflichtet.<\/p>\n\n<h5 class=\"wp-block-heading\">WIE WIR IHRE INFORMATIONEN WEITERGEBEN:<\/h5>\n\n<p>Wir werden Ihre personenbezogenen Daten nicht an Dritte weitergeben, ohne Ihre Zustimmung einzuholen, au\u00dfer unter den im Folgenden beschriebenen begrenzten Umst\u00e4nden:<\/p>\n\n<ul class=\"wp-block-list\">\n<li><span style=\"font-size: revert; color: var(--wd-text-color); font-family: var(--wd-text-font); font-style: var(--wd-text-font-style); font-weight: var(--wd-text-font-weight);\">Werbedienstleister<\/span><\/li>\n\n\n\n<li><span style=\"font-size: revert; color: var(--wd-text-color); font-family: var(--wd-text-font); font-style: var(--wd-text-font-style); font-weight: var(--wd-text-font-weight);\">Marketing-Agenturen<\/span><\/li>\n\n\n\n<li><span style=\"font-size: revert; color: var(--wd-text-color); font-family: var(--wd-text-font); font-style: var(--wd-text-font-style); font-weight: var(--wd-text-font-weight);\"><span style=\"font-size: revert; color: var(--wd-text-color); font-family: var(--wd-text-font); font-style: var(--wd-text-font-style); font-weight: var(--wd-text-font-weight); background-color: rgb(255, 255, 255);\">Analysedienstleister<\/span><\/span><\/li>\n<\/ul>\n\n<p>Wir verlangen von diesen Dritten, dass sie die personenbezogenen Daten, die wir ihnen \u00fcbermitteln, nur f\u00fcr den Zweck verwenden, f\u00fcr den sie \u00fcbermittelt wurden, und sie nicht l\u00e4nger aufbewahren, als es f\u00fcr die Erf\u00fcllung des genannten Zwecks erforderlich ist.<\/p>\n\n<p>Wir k\u00f6nnen Ihre personenbezogenen Daten auch aus den folgenden Gr\u00fcnden weitergeben: (1) zur Einhaltung geltender Gesetze, Vorschriften, gerichtlicher Anordnungen oder anderer rechtlicher Verfahren; (2) zur Durchsetzung Ihrer Vereinbarungen mit uns, einschlie\u00dflich dieser Datenschutzrichtlinie; oder (3) um auf Behauptungen zu reagieren, dass Ihre Nutzung des Dienstes die Rechte Dritter verletzt. Wenn der Dienst oder unser Unternehmen mit einem anderen Unternehmen fusioniert oder \u00fcbernommen wird, geh\u00f6ren Ihre Daten zu den Verm\u00f6genswerten, die auf den neuen Eigent\u00fcmer \u00fcbertragen werden. <\/p>\n\n<h5 class=\"wp-block-heading\">AUFBEWAHRUNG IHRER INFORMATIONEN:<\/h5>\n\n<p>Wir bewahren Ihre personenbezogenen Daten f\u00fcr einen Zeitraum von 90 Tagen bis zu 2 Jahren nach Beendigung des Benutzerkontos auf oder so lange, wie wir sie ben\u00f6tigen, um die in dieser Datenschutzrichtlinie beschriebenen Zwecke zu erf\u00fcllen. Es kann erforderlich sein, bestimmte Daten l\u00e4nger aufzubewahren, z. B. f\u00fcr Aufzeichnungen\/Berichte in \u00dcbereinstimmung mit geltendem Recht oder aus anderen legitimen Gr\u00fcnden, wie etwa zur Durchsetzung gesetzlicher Rechte, zur Betrugsbek\u00e4mpfung usw. Anonyme Restdaten und zusammengefasste Daten, die Sie nicht (direkt oder indirekt) identifizieren, k\u00f6nnen auf unbestimmte Zeit gespeichert werden.  <\/p>\n\n<h5 class=\"wp-block-heading\">IHRE RECHTE:<\/h5>\n\n<p>Je nach geltendem Recht haben Sie das Recht, auf Ihre personenbezogenen Daten zuzugreifen, sie zu berichtigen oder zu l\u00f6schen, eine Kopie Ihrer personenbezogenen Daten zu erhalten, die aktive Verarbeitung Ihrer Daten einzuschr\u00e4nken oder ihr zu widersprechen, uns aufzufordern, Ihre personenbezogenen Daten an eine andere Stelle weiterzugeben (Datenportabilit\u00e4t), die von Ihnen erteilte Zustimmung zur Verarbeitung Ihrer Daten zu widerrufen, das Recht, eine Beschwerde bei einer Aufsichtsbeh\u00f6rde einzureichen, sowie weitere Rechte, die nach geltendem Recht relevant sein k\u00f6nnen. Um diese Rechte auszu\u00fcben, k\u00f6nnen Sie sich schriftlich an uns wenden: conos@conoscanopy.com. Bitte beachten Sie, dass Sie m\u00f6glicherweise nicht in der Lage sind, auf die Dienste zuzugreifen oder diese zu nutzen, wenn Sie uns nicht gestatten, die erforderlichen personenbezogenen Daten zu erheben oder zu verarbeiten, oder wenn Sie Ihre Zustimmung zur Verarbeitung dieser Daten f\u00fcr die erforderlichen Zwecke widerrufen.  <\/p>\n\n<h5 class=\"wp-block-heading\">COOKIES ETC.:<\/h5>\n\n<p>Wenn Sie mehr dar\u00fcber erfahren m\u00f6chten, wie wir Cookies und \u00e4hnliche Technologien verwenden und welche M\u00f6glichkeiten Sie in Bezug auf diese Tracking-Technologien haben, lesen Sie bitte unsere <a href=\"https:\/\/conoscanopy.com\/cookie-policy\/\">Cookie-Richtlinie<\/a>.<\/p>\n\n<h5 class=\"wp-block-heading\">SICHERHEIT:<\/h5>\n\n<p>Die Sicherheit Ihrer Daten ist uns wichtig, und wir ergreifen angemessene Sicherheitsma\u00dfnahmen, um den Verlust, den Missbrauch oder die unbefugte \u00c4nderung Ihrer Daten unter unserer Kontrolle zu verhindern. In Anbetracht der inh\u00e4renten Risiken k\u00f6nnen wir jedoch keine absolute Sicherheit garantieren, und folglich k\u00f6nnen wir die Sicherheit der Informationen, die Sie uns \u00fcbermitteln, weder gew\u00e4hrleisten noch garantieren. Sie tun dies daher auf eigenes Risiko. <\/p>\n\n<h5 class=\"wp-block-heading\">BESCHWERDEN\/DATENSCHUTZBEAUFTRAGTER:<\/h5>\n\n<p>Wenn Sie Fragen oder Bedenken bez\u00fcglich der Verarbeitung Ihrer Daten haben, k\u00f6nnen Sie sich per E-Mail an unseren Datenschutzbeauftragten wenden: ALMARTA \u041e\u00dc, Kesk Tee 36-10, E-Mail: <a href=\"mailto:conos@conoscanopy.com\">conos@conoscanopy.com<\/a>. Wir werden Ihre Anliegen in \u00dcbereinstimmung mit dem geltenden Recht bearbeiten <\/p>\n\n<ol class=\"wp-block-list\">\n<li><\/li>\n<\/ol>\n","protected":false},"excerpt":{"rendered":"<p>Datenschutzrichtlinie Datum des Inkrafttretens: 21-Juni-2024Zuletzt aktualisiert: 21-Juni-2024 Diese Datenschutzrichtlinie beschreibt die Richtlinien von ALMARTA \u041e\u00dc, Kesk Tee 36-10, Aaviku 75305,<\/p>\n","protected":false},"author":3,"featured_media":0,"parent":0,"menu_order":0,"comment_status":"closed","ping_status":"open","template":"","meta":{"footnotes":""},"class_list":["post-29049","page","type-page","status-publish","hentry"],"_links":{"self":[{"href":"https:\/\/conoscanopy.com\/de\/wp-json\/wp\/v2\/pages\/29049","targetHints":{"allow":["GET"]}}],"collection":[{"href":"https:\/\/conoscanopy.com\/de\/wp-json\/wp\/v2\/pages"}],"about":[{"href":"https:\/\/conoscanopy.com\/de\/wp-json\/wp\/v2\/types\/page"}],"author":[{"embeddable":true,"href":"https:\/\/conoscanopy.com\/de\/wp-json\/wp\/v2\/users\/3"}],"replies":[{"embeddable":true,"href":"https:\/\/conoscanopy.com\/de\/wp-json\/wp\/v2\/comments?post=29049"}],"version-history":[{"count":1,"href":"https:\/\/conoscanopy.com\/de\/wp-json\/wp\/v2\/pages\/29049\/revisions"}],"predecessor-version":[{"id":29050,"href":"https:\/\/conoscanopy.com\/de\/wp-json\/wp\/v2\/pages\/29049\/revisions\/29050"}],"wp:attachment":[{"href":"https:\/\/conoscanopy.com\/de\/wp-json\/wp\/v2\/media?parent=29049"}],"curies":[{"name":"wp","href":"https:\/\/api.w.org\/{rel}","templated":true}]}}