{"id":29019,"date":"2024-06-17T23:08:09","date_gmt":"2024-06-17T20:08:09","guid":{"rendered":"https:\/\/conoscanopy.com\/rueckgabe\/"},"modified":"2024-11-26T15:45:24","modified_gmt":"2024-11-26T13:45:24","slug":"rueckgabe","status":"publish","type":"page","link":"https:\/\/conoscanopy.com\/de\/rueckgabe\/","title":{"rendered":"R\u00fcckgabe"},"content":{"rendered":"\n<h2 class=\"wp-block-heading\">R\u00fcckgabe defekter Ware und Reklamationen<\/h2>\n\n<p>F\u00fcr die R\u00fcckgabe eines Produkts an das Garantiezentrum m\u00fcssen alle vom Hersteller geforderten Dokumente sowie ein Kaufnachweis (z. B. die Rechnung, die gleichzeitig als Garantiekarte gilt) vorgelegt werden.<\/p>\n\n<p>Wichtiger Hinweis: Der Kunde ist f\u00fcr die zur\u00fcckgesandte Ware verantwortlich, bis diese in unserem Lager eintrifft. Bitte stellen Sie sicher, dass die Ware ordnungsgem\u00e4\u00df verpackt ist, um Transportsch\u00e4den zu vermeiden.  <\/p>\n\n<p><strong>Achtung: <\/strong>Bei der R\u00fccksendung eines Produkts an den Verk\u00e4ufer sind die Originalverpackung und das vollst\u00e4ndige Zubeh\u00f6r des Produkts erforderlich.<\/p>\n\n<h2 class=\"wp-block-heading\">Gew\u00e4hrleistungsfrist:<\/h2>\n\n<p>Die Gew\u00e4hrleistungsfrist betr\u00e4gt 24 Monate ab dem Datum der \u00dcbergabe des Produkts an den K\u00e4ufer, entweder an der Abholstelle (Kesk tee 36-10, Aaviku, 75305 Harju maakond) oder durch den Kurier des Transportunternehmens.<\/p>\n\n<h2 class=\"wp-block-heading\">Die Garantie gilt nicht f\u00fcr:<\/h2>\n\n<ul class=\"wp-block-list\">\n<li>Sch\u00e4den, die durch unsachgem\u00e4\u00dfe Verwendung entgegen der Gebrauchsanweisung entstanden sind, durch falsche Lagerung oder durch unsachgem\u00e4\u00dfe Installation.<\/li>\n\n\n\n<li>Sch\u00e4den, die durch Verschulden des Kunden verursacht wurden.<\/li>\n\n\n\n<li>Mechanische oder anderweitige Besch\u00e4digungen des Produkts.<\/li>\n\n\n\n<li>Sch\u00e4den infolge von Naturkatastrophen, Blitzschlag, Feuer, \u00dcberschwemmungen usw.<\/li>\n\n\n\n<li>Sch\u00e4den durch Fremdk\u00f6rper, Fl\u00fcssigkeiten, Insekten, Staub usw.<\/li>\n\n\n\n<li>Sch\u00e4den, die durch die Verwendung von Nicht-Originalteilen verursacht wurden.<\/li>\n\n\n\n<li>Eingriffe in das Produkt oder Verst\u00f6\u00dfe gegen Montage- und Installationsvorgaben.<\/li>\n\n\n\n<li>Sch\u00e4den, die durch zweckfremden Gebrauch des Produkts entstanden sind.<\/li>\n\n\n\n<li>Sch\u00e4den infolge technischer Ver\u00e4nderungen am Produkt.<\/li>\n\n\n\n<li>F\u00e4lle, in denen kein Kaufnachweis (Rechnung und Garantiekarte) oder andere erforderliche Dokumente vorgelegt werden k\u00f6nnen.<\/li>\n\n\n\n<li>M\u00e4ngel und Sch\u00e4den, die durch die Verwendung von Zubeh\u00f6r oder Komponenten entstanden sind, die nicht vom Hersteller stammen.<\/li>\n<\/ul>\n\n<p>Gem\u00e4\u00df \u00a7 53 h Abs. 4 S. 3 des V\u00d5S ist eine R\u00fcckgabe oder Erstattung von Waren, die nach speziellen Anweisungen des K\u00e4ufers gefertigt wurden, ausgeschlossen. Ob ein Produkt von dieser Regelung betroffen ist, entnehmen Sie bitte der jeweiligen Produktbeschreibung auf conos.ee.  <\/p>\n\n<h2 class=\"wp-block-heading\">Conos erstattet nicht:<\/h2>\n\n<ul class=\"wp-block-list\">\n<li>Kosten, die durch den Verlust oder die Wiederherstellung von Daten entstanden sind, werden nicht erstattet.<\/li>\n<\/ul>\n\n<p>Weitere Informationen zu den Garantiebestimmungen finden Sie auf unserer Website www.conoscanopy.com unter den Kauf- und Verkaufsregeln sowie<\/p>\n","protected":false},"excerpt":{"rendered":"<p>R\u00fcckgabe defekter Ware und Reklamationen F\u00fcr die R\u00fcckgabe eines Produkts an das Garantiezentrum m\u00fcssen alle vom Hersteller geforderten Dokumente sowie<\/p>\n","protected":false},"author":3,"featured_media":0,"parent":0,"menu_order":0,"comment_status":"closed","ping_status":"closed","template":"","meta":{"footnotes":""},"class_list":["post-29019","page","type-page","status-publish","hentry"],"_links":{"self":[{"href":"https:\/\/conoscanopy.com\/de\/wp-json\/wp\/v2\/pages\/29019","targetHints":{"allow":["GET"]}}],"collection":[{"href":"https:\/\/conoscanopy.com\/de\/wp-json\/wp\/v2\/pages"}],"about":[{"href":"https:\/\/conoscanopy.com\/de\/wp-json\/wp\/v2\/types\/page"}],"author":[{"embeddable":true,"href":"https:\/\/conoscanopy.com\/de\/wp-json\/wp\/v2\/users\/3"}],"replies":[{"embeddable":true,"href":"https:\/\/conoscanopy.com\/de\/wp-json\/wp\/v2\/comments?post=29019"}],"version-history":[{"count":1,"href":"https:\/\/conoscanopy.com\/de\/wp-json\/wp\/v2\/pages\/29019\/revisions"}],"predecessor-version":[{"id":29020,"href":"https:\/\/conoscanopy.com\/de\/wp-json\/wp\/v2\/pages\/29019\/revisions\/29020"}],"wp:attachment":[{"href":"https:\/\/conoscanopy.com\/de\/wp-json\/wp\/v2\/media?parent=29019"}],"curies":[{"name":"wp","href":"https:\/\/api.w.org\/{rel}","templated":true}]}}