{"id":29017,"date":"2024-06-17T22:52:26","date_gmt":"2024-06-17T19:52:26","guid":{"rendered":"https:\/\/conoscanopy.com\/bedingungen-und-konditionen\/"},"modified":"2024-11-26T15:31:01","modified_gmt":"2024-11-26T13:31:01","slug":"bedingungen-und-konditionen","status":"publish","type":"page","link":"https:\/\/conoscanopy.com\/de\/bedingungen-und-konditionen\/","title":{"rendered":"Bedingungen und Konditionen"},"content":{"rendered":"\n<h2 class=\"wp-block-heading\">1. <strong>Allgemeine Bestimmungen und Bedingungen<\/strong><\/h2>\n\n<p>1.1. Diese Verkaufsbedingungen gelten f\u00fcr alle Parteien des Kauf- und Verkaufsgesch\u00e4fts zwischen dem K\u00e4ufer und dem Verk\u00e4ufer <b>&#8222;ALMARTA&#8220; OU<\/b> (Registrierungscode: 12715158), mit Sitz in M\u00f6ldre tee 6-4, Tiskre, 76916 Harju maakond (im Folgenden <b>conoscanopy.com<\/b>), im Rahmen von Rechtsverh\u00e4ltnissen, die beim Kauf von Waren entstehen.<\/p>\n\n<p>1.2. Neben diesen Bedingungen unterliegen die rechtlichen Beziehungen zwischen den Parteien den geltenden Gesetzen der Republik Estland.<\/p>\n<p>1.3. Der Verk\u00e4ufer beh\u00e4lt sich das Recht vor, die Bedingungen jederzeit zu \u00e4ndern, zu korrigieren oder zu erg\u00e4nzen, in \u00dcbereinstimmung mit den geltenden Rechtsvorschriften und Anforderungen. Der registrierte Benutzer wird \u00fcber alle \u00c4nderungen, Korrekturen oder Erg\u00e4nzungen informiert, indem er sich auf der Website <b>conoscanopy.com<\/b> einloggt. Um weiterhin Eink\u00e4ufe im Online-Shop zu t\u00e4tigen, muss der K\u00e4ufer den ge\u00e4nderten Bedingungen erneut zustimmen.<\/p>\n\n<h2 class=\"wp-block-heading\">2. <strong>Preise<\/strong><\/h2>\n\n<p>2.1. Die auf <b>conoscanopy.com<\/b> angegebenen Preise sind gem\u00e4\u00df Klausel 4.2 w\u00e4hrend der Zahlungsfrist auf der Rechnung g\u00fcltig.<\/p>\n<p>2.2. Alle Preise verstehen sich inklusive 22 % Mehrwertsteuer.<\/p>\n<p>2.3. Der angegebene Preis wird um die Lieferkosten (au\u00dfer bei Sonderaktionen) erg\u00e4nzt, die in Ihrem Warenkorb ber\u00fccksichtigt werden.<\/p>\n<p>2.4. Sollte ein Preis auf <b>conoscanopy.com<\/b> f\u00e4lschlicherweise angegeben worden sein, wird der Kunde vor oder nach der Bestellung dar\u00fcber informiert. Falls der Kunde nicht die M\u00f6glichkeit hat, den Kaufvertrag zum neuen Preis abzuschlie\u00dfen, beh\u00e4lt sich <b>conoscanopy.com<\/b> das Recht vor, die Bestellung zu stornieren und den gezahlten Betrag an den Kunden zur\u00fcckzuerstatten.<\/p>\n\n<h2 class=\"wp-block-heading\">3. <strong>Einkaufswagen und Bestellabwicklung<\/strong><\/h2>\n\n<p>3.1. Nachdem Sie ein Produkt ausgew\u00e4hlt haben, klicken Sie auf \u201eBestellen\u201c. Ihr Warenkorb wird erstellt, indem Sie auf \u201eProdukte hinzuf\u00fcgen\u201c klicken.<\/p>\n<p>3.2. Um eine Bestellung aufzugeben, klicken Sie auf \u201eProdukte kaufen\u201c. Sie werden zur Seite \u201eKasse\u201c weitergeleitet, wo Sie die Anzahl der Artikel im Warenkorb \u00e4ndern k\u00f6nnen, indem Sie auf \u201eAnzahl\u201c klicken.<\/p>\n<p>3.3. Geben Sie auf der Kassenseite die erforderlichen Informationen ein, klicken Sie auf \u201eWeiter\u201c, w\u00e4hlen Sie die gew\u00fcnschte Lieferoption und klicken Sie erneut auf \u201eWeiter\u201c. W\u00e4hlen Sie dann die bevorzugte Zahlungsmethode und klicken Sie auf \u201eAusw\u00e4hlen\u201c.<\/p>\n<ul>\n<li style=\"font-weight: 400;\" aria-level=\"1\">Wenn Sie \u201eInternetbanking\u201c als Zahlungsmethode w\u00e4hlen, klicken Sie auf \u201eBezahlen\u201c. Sie werden zur Seite des Online-Bankings weitergeleitet, um Ihre Bestellung zu bezahlen. Danach erhalten Sie eine Auftragsbest\u00e4tigung per E-Mail.<\/li>\n<li style=\"font-weight: 400;\" aria-level=\"1\">Wenn Sie \u201eBank\u00fcberweisung\u201c w\u00e4hlen, klicken Sie auf \u201eAusw\u00e4hlen\u201c und dann auf \u201eBestellen\u201c. Ein Link wird angezeigt, \u00fcber den Sie Ihre Bestellung \u00f6ffnen k\u00f6nnen. Sobald die Bestellung vom Administrator akzeptiert wurde, erhalten Sie eine Rechnung per E-Mail. Die Bestellung wird nach Zahlungseingang ausgef\u00fchrt.<\/li>\n<li style=\"font-weight: 400;\" aria-level=\"1\">Wenn Sie \u201eBarzahlung\u201c w\u00e4hlen, klicken Sie auf \u201eAusw\u00e4hlen\u201c und dann auf \u201eBestellen\u201c. Ein Link wird angezeigt, \u00fcber den Sie Ihre Bestellung \u00f6ffnen k\u00f6nnen. Sie erhalten eine Auftragsbest\u00e4tigung per E-Mail. Die Bestellung wird nach Best\u00e4tigung durch den Administrator ausgef\u00fchrt. Bitte \u00fcberpr\u00fcfen Sie die Richtigkeit Ihrer Bestellung!<\/li>\n<li style=\"font-weight: 400;\" aria-level=\"1\">Wenn Sie \u201eBankkarte\u201c w\u00e4hlen, klicken Sie auf \u201eAusw\u00e4hlen\u201c und dann auf \u201eBestellen\u201c. Wenn Sie eine Lieferung nach Hause gew\u00e4hlt haben, erkundigen Sie sich bitte beim Kurier, ob eine Kartenzahlung m\u00f6glich ist, sobald er Sie kontaktiert.<\/li>\n<\/ul>\n<p>3.4. Achten Sie bei der Eingabe Ihrer Daten auf deren Richtigkeit, da die Geschwindigkeit und Bequemlichkeit der Lieferung davon abh\u00e4ngen.<\/p>\n<p>3.5. Der Kaufvertrag gilt als abgeschlossen, sobald 100 % des Bestellbetrags auf dem Konto von <b>conoscanopy.com<\/b> eingegangen sind, au\u00dfer in F\u00e4llen, in denen die Bestellung sofort ausgef\u00fchrt wird (z. B. bei Barzahlung vor Ort).<\/p>\n\n<h2 class=\"wp-block-heading\">4. <strong>Zahlung<\/strong><\/h2>\n\n<p>4.1. Die Bestellung kann auf folgende Weise bezahlt werden:<\/p>\n<ul>\n<li style=\"font-weight: 400;\" aria-level=\"1\">Online-Banking<\/li>\n<li style=\"font-weight: 400;\" aria-level=\"1\">Bank\u00fcberweisung<\/li>\n<li style=\"font-weight: 400;\" aria-level=\"1\">Barzahlung oder per Bankkarte bei Erhalt der Ware (dieser Service wird in den folgenden L\u00e4ndern angeboten: Estland, Lettland, Litauen)<\/li>\n<\/ul>\n<p>4.2. Um Ihre Bestellung per Bank\u00fcberweisung zu bezahlen, muss die Zahlung innerhalb von 3 Tagen nach Erhalt der Rechnung erfolgen. Bei der Wahl der Zahlungsart \u201eBarzahlung\/Bankkarte\u201c muss der gesamte Betrag entweder am Abholort von <b>conoscanopy.com<\/b> oder direkt an den Kurier bei Erhalt der Ware (nur Barzahlung) beglichen werden.<\/p>\n<p>4.3. Ihre Bestellung wird storniert, wenn die Zahlung nicht innerhalb von 3 Tagen erfolgt.<\/p>\n<p>4.4. Die Rechnung wird Ihnen per E-Mail zugeschickt, sobald die Bestellung bezahlt wurde.<\/p>\n\n<h2 class=\"wp-block-heading\">5. <strong>Versand und Lieferung der Waren<\/strong><\/h2>\n\n<p>5.1. Nach Abschluss des Kaufvertrags werden die Waren an die von Ihnen angegebene Adresse zu einem vorher vereinbarten Zeitpunkt geliefert.<\/p>\n<p>5.2. Das Produkt wird zusammen mit den erforderlichen Dokumenten innerhalb der in der Produktbeschreibung angegebenen Lieferfrist geliefert.<\/p>\n<p>5.3. Sollte <b>conoscanopy.com<\/b> aufgrund von Umst\u00e4nden, die nicht in der Verantwortung von <b>conoscanopy.com<\/b> liegen (z. B. vor\u00fcbergehende Nichtverf\u00fcgbarkeit des Produkts oder Lieferverz\u00f6gerungen seitens des Lieferanten), die Ware nicht innerhalb der vereinbarten Zeit liefern k\u00f6nnen, wird der Kunde innerhalb von 3 Werktagen nach Vertragsabschluss per E-Mail oder Telefon informiert. Gleichzeitig wird ein neuer Liefertermin mitgeteilt.<\/p>\n<p>5.4. Sollte der Kunde aufgrund der Verz\u00f6gerung kein Interesse mehr am Kauf haben, hat er das Recht, die Bestellung zu stornieren. <b>conoscanopy.com<\/b> erstattet in diesem Fall den gesamten Betrag zur\u00fcck.<\/p>\n<p>5.5. Der Kurier liefert die Ware an die von Ihnen angegebene Adresse. Eine nachtr\u00e4gliche Adress\u00e4nderung ist nicht m\u00f6glich.<\/p>\n<p>5.6. Bitte stellen Sie sicher, dass die angegebenen Kontaktinformationen korrekt sind, um Missverst\u00e4ndnisse zu vermeiden. <b>conoscanopy.com<\/b> und der Kurier \u00fcbernehmen keine Verantwortung f\u00fcr fehlerhafte Lieferungen aufgrund falscher Angaben.<\/p>\n<p>5.7. Beim Erhalt oder der Abholung der Bestellung \u00fcberpr\u00fcfen Sie bitte den Zustand der Ware und best\u00e4tigen den Erhalt durch Unterschrift auf der Rechnung oder einem anderen Dokument. Sollten Sie \u00e4u\u00dfere M\u00e4ngel am Paket und\/oder am Produkt oder eine fehlerhafte Konfiguration feststellen, m\u00fcssen Sie dies auf der Rechnung oder einem anderen Empfangsdokument vermerken. In Anwesenheit des Kuriers, eines Mitarbeiters am Abholort oder eines Postmitarbeiters sollten Sie au\u00dferdem einen formlosen Bericht \u00fcber die festgestellten M\u00e4ngel erstellen.<br \/><\/p>\n<p>Falls dies nicht erfolgt, \u00fcbernimmt <b>conoscanopy.com<\/b> keine Verantwortung f\u00fcr:<\/p>\n<ul>\n<li style=\"font-weight: 400;\" aria-level=\"1\">M\u00e4ngel am Produkt, die nicht auf Produktionsfehler zur\u00fcckzuf\u00fchren sind;<\/li>\n<li style=\"font-weight: 400;\" aria-level=\"1\">Abweichungen von der Bestellkonfiguration, die bei einer \u00e4u\u00dferen Inspektion erkennbar sind.<\/li>\n<\/ul>\n<p>Sollten Sie eine Lieferung nach Hause w\u00fcnschen und Barzahlung gew\u00e4hlt haben, stellen Sie bitte sicher, dass Sie den genauen Betrag gem\u00e4\u00df Ihrer Bestellung bei der Lieferung zur Hand haben.<\/p>\n<p><strong>6.<\/strong> <strong style=\"color: #1b1919; font-size: 24px;\">Widerruf der Bestellung und R\u00fcckgabe der Ware<\/strong><\/p>\n\n<p>6.1. Der Kunde hat das Recht, die Bestellung nach Zahlung und vor der Lieferung zu stornieren. Dazu senden Sie bitte eine E-Mail an <b>conos@conoscanopy.com<\/b> unter Angabe Ihrer Kontonummer oder rufen Sie die Telefonnummer +372 53864530 an.<\/p>\n<p>6.2. Nach Erhalt der Ware hat der Kunde gem\u00e4\u00df dem Obligationenrecht das Recht, sich innerhalb von 14 Tagen mit der Ware vertraut zu machen. Sollte das Produkt nicht den Erwartungen entsprechen, kann es innerhalb von 14 Tagen zur\u00fcckgegeben werden, sofern es unbenutzt und in der Originalverpackung ist.<br \/><\/p>\n<p>Um das Produkt zur\u00fcckzugeben, m\u00fcssen Sie ein R\u00fcckgabeformular ausf\u00fcllen, das Sie hier finden: [R\u00fcckgabeformular], und es sp\u00e4testens 14 Tage nach Erhalt des Produkts an die E-Mail-Adresse <b>conos@conoscanopy.com<\/b> senden.<\/p>\n<p>6.3. Wird eine Bestellung gem\u00e4\u00df den Klauseln 4.3 oder 6.1 storniert, wird der gezahlte Betrag einschlie\u00dflich der Lieferkosten so schnell wie m\u00f6glich, jedoch sp\u00e4testens innerhalb von 14 Tagen nach Eingang des R\u00fcckerstattungsantrags, auf Ihr Bankkonto \u00fcberwiesen, sofern keine der in den Klauseln 6.4 oder 6.2 genannten Ausnahmen zutreffen. Bei R\u00fcckgabe der Ware gem\u00e4\u00df Klausel 6.2 erfolgt die R\u00fcckerstattung des Kaufbetrags einschlie\u00dflich der Lieferkosten ebenfalls innerhalb von 14 Tagen nach Eingang des R\u00fcckgabeantrags und nach Ankunft der Ware im Lager von <b>conoscanopy.com<\/b>.<\/p>\n<p>6.4. Sollte der Schaden am Produkt durch Umst\u00e4nde verursacht worden sein, die nicht im Zusammenhang mit <b>conoscanopy.com<\/b> stehen, oder wenn das Produkt nicht gem\u00e4\u00df den Anweisungen verwendet wurde, beh\u00e4lt sich <b>conoscanopy.com<\/b> das Recht vor, den R\u00fcckerstattungsbetrag um den Schaden zu reduzieren. In einem solchen Fall wird <b>conoscanopy.com<\/b> den Kunden per E-Mail \u00fcber die Reduzierung des R\u00fcckerstattungsbetrags informieren. Wenn der Kunde mit dieser \u00c4nderung nicht einverstanden ist, hat er das Recht, einen unabh\u00e4ngigen Gutachter zu beauftragen, der die Schadensh\u00f6he feststellt. Die Kosten f\u00fcr das Gutachten werden zwischen <b>conoscanopy.com<\/b> und dem Kunden geteilt, es sei denn, eine der Parteien verweigert das Gutachten ungerechtfertigt. In diesem Fall tr\u00e4gt die verweigernde Partei alle Gutachterkosten.<\/p>\n<p>6.5. Der Kunde tr\u00e4gt die R\u00fccksendekosten, es sei denn, das zur\u00fcckgesandte Produkt entspricht nicht der Bestellung oder die R\u00fccksendung erfolgt im Rahmen der Garantie oder Reparatur.<\/p>\n<p>6.6. Der Kunde muss das Produkt innerhalb von 14 Tagen nach Einreichen des R\u00fcckgabeantrags zur\u00fccksenden oder einen Nachweis erbringen, dass das Produkt innerhalb dieser Frist an den Lieferanten \u00fcbergeben wurde.<\/p>\n\n<h2 class=\"wp-block-heading\">7. <strong>Garantie und Anforderungen an das zur\u00fcckgegebene Produkt<\/strong><\/h2>\n\n<p>7.1. Die Garantieleistungen f\u00fcr alle Produkte im Online-Shop <b>conoscanopy.com<\/b> richten sich nach den vom Hersteller festgelegten Garantiebestimmungen. Die Garantiezeit ist in der jeweiligen Produktbeschreibung angegeben. Beim Kauf erh\u00e4lt der Kunde die Garantieunterlagen, die die Bedingungen des Garantieanspruchs f\u00fcr das Produkt enthalten.<\/p>\n<p>7.2. Um Missverst\u00e4ndnisse zu vermeiden, \u00fcberpr\u00fcfen Sie bitte bei Erhalt der Ware, ob die Garantieunterlagen vollst\u00e4ndig ausgef\u00fcllt sind und folgende Informationen enthalten: Produktmodell, Seriennummer, Verkaufsdatum sowie die Unterschriften von Verk\u00e4ufer und K\u00e4ufer. Eine per E-Mail zugesandte oder bei der Lieferung ausgestellte Rechnung dient ebenfalls als Garantiedokument.<\/p>\n<p>7.3. Vor der Nutzung des Produkts sollten Sie die Gebrauchsanweisung sorgf\u00e4ltig lesen und das Produkt nur gem\u00e4\u00df den Anweisungen des Herstellers und seinen Eigenschaften und Zwecken verwenden.<\/p>\n<p>7.4. Auch wenn der Hersteller eine Garantiezeit von weniger als zwei Jahren festgelegt hat, kann der Kunde innerhalb von zwei Jahren ab Kaufdatum geltend machen, dass das Produkt nicht den Vertragsbedingungen entspricht. Sollte ein Produkt innerhalb von zwei Jahren ab \u00dcbergabe M\u00e4ngel aufweisen, die auf einen Vertragsbruch zur\u00fcckzuf\u00fchren sind, ist <b>conoscanopy.com<\/b> daf\u00fcr verantwortlich. Es wird davon ausgegangen, dass ein Mangel, der in den ersten sechs Monaten nach \u00dcbergabe auftritt, bereits bei \u00dcbergabe bestand, es sei denn, das Gegenteil wird bewiesen. Diese Beweislast liegt beim Online-Shop.<\/p>\n<p><b>7.5.<\/b> Wenn die Qualit\u00e4t des Produkts nicht den Vertragsbedingungen entspricht, hat der K\u00e4ufer das Recht, entweder einen Ersatz des Produkts oder die Aufl\u00f6sung des Vertrags und eine R\u00fcckerstattung zu verlangen.<\/p>\n<p><b>7.6.<\/b> Sollte das Produkt nicht den Qualit\u00e4tsanforderungen entsprechen, wird der gezahlte Betrag einschlie\u00dflich der Versandkosten so schnell wie m\u00f6glich, jedoch sp\u00e4testens innerhalb von 14 Tagen, auf das angegebene Bankkonto des Kunden \u00fcberwiesen. Das Produkt sollte in der Originalverpackung zusammen mit allen Komponenten an das Garantiezentrum zur\u00fcckgesendet werden.<br \/>Die Garantie gilt nicht f\u00fcr:<\/p>\n<ul>\n<li style=\"font-weight: 400;\" aria-level=\"1\">Sch\u00e4den, die durch unsachgem\u00e4\u00dfe Verwendung entgegen der Gebrauchsanweisung entstanden sind;<\/li>\n<li style=\"font-weight: 400;\" aria-level=\"1\">Sch\u00e4den durch nicht eingehaltene Lagerungs- und Transportbedingungen oder unsachgem\u00e4\u00dfe Installation;<\/li>\n<li style=\"font-weight: 400;\" aria-level=\"1\">Sch\u00e4den, die durch den Kunden verursacht wurden;<\/li>\n<li style=\"font-weight: 400;\" aria-level=\"1\">Sch\u00e4den durch Naturkatastrophen, Blitzschlag, Feuer, \u00dcberschwemmungen usw.;<\/li>\n<li style=\"font-weight: 400;\" aria-level=\"1\">physische und mechanische Sch\u00e4den, die vom Kunden verursacht wurden;<\/li>\n<li style=\"font-weight: 400;\" aria-level=\"1\">Sch\u00e4den durch das Eindringen von Fremdk\u00f6rpern, Fl\u00fcssigkeiten oder Insekten;<\/li>\n<li style=\"font-weight: 400;\" aria-level=\"1\">Sch\u00e4den durch die Verwendung von nicht originalen oder nicht vom Hersteller zertifizierten Komponenten;<\/li>\n<li style=\"font-weight: 400;\" aria-level=\"1\">Besch\u00e4digung des Garantiesiegels, der Seriennummer oder Anzeichen von Eingriffen in das Produkt;<\/li>\n<li style=\"font-weight: 400;\" aria-level=\"1\">Sch\u00e4den, die durch die zweckwidrige Nutzung des Produkts entstanden sind;<\/li>\n<li style=\"font-weight: 400;\" aria-level=\"1\">Sch\u00e4den an der Fassade des Geb\u00e4udes, an dem die \u00dcberdachung angebracht ist;<\/li>\n<li style=\"font-weight: 400;\" aria-level=\"1\">M\u00e4ngel durch die Nutzung von nicht vom Hersteller gelieferten Zubeh\u00f6r und Bauteilen.<\/li>\n<\/ul>\n<p><b>7.7.<\/b> F\u00fcr juristische Personen gilt eine Garantiezeit von 6 Monaten f\u00fcr Produkte, die f\u00fcr nat\u00fcrliche Personen eine Garantiezeit von mindestens 6 Monaten haben.<\/p>\n\n<h2 class=\"wp-block-heading\">8. <strong>Haftung und h\u00f6here Gewalt<\/strong><\/h2>\n\n<p><b>8.1.<\/b> <b>conoscanopy.com<\/b> und der Kunde haften gegenseitig f\u00fcr Sch\u00e4den, die durch Verletzung dieser Bedingungen entstehen, gem\u00e4\u00df den gesetzlichen Bestimmungen der Republik Estland.<\/p>\n<p><b>8.2.<\/b> <b>conoscanopy.com<\/b> \u00fcbernimmt keine Haftung f\u00fcr Sch\u00e4den oder Lieferverz\u00f6gerungen, wenn diese durch Umst\u00e4nde h\u00f6herer Gewalt verursacht wurden, die au\u00dferhalb des Einflussbereichs von <b>conoscanopy.com<\/b> liegen und die nicht vorhersehbar waren.<\/p>\n\n<h2 class=\"wp-block-heading\">9. <strong>Sonstige Bestimmungen und Bedingungen<\/strong><\/h2>\n\n<p><b>9.1.<\/b> Alle w\u00e4hrend des Besuchs oder der Bestellung gesammelten Kundendaten werden vertraulich behandelt. <b>conoscanopy.com<\/b> gibt diese Informationen nicht an Dritte weiter. Kunden haben das Recht, die L\u00f6schung ihrer Daten aus der Datenbank von <b>conoscanopy.com<\/b> zu verlangen. Ein verschl\u00fcsselter Daten\u00fcbertragungskanal gew\u00e4hrleistet die Sicherheit pers\u00f6nlicher Daten und Bankverbindungen. <b>conoscanopy.com<\/b> hat keinen Zugriff auf diese Daten.<\/p>\n<p><b>9.2.<\/b> In allen nicht durch diese Bedingungen geregelten Angelegenheiten gelten die Gesetze der Republik Estland.<\/p>\n<p><b>9.3.<\/b> Streitigkeiten zwischen dem Kunden und <b>conoscanopy.com<\/b>, die sich aus Bestellungen und K\u00e4ufen \u00fcber <b>conoscanopy.com<\/b> ergeben, werden durch Verhandlungen beigelegt. Kann keine Einigung erzielt werden, hat der Kunde das Recht, sich an die Verbraucherschutzbeh\u00f6rde oder das Gericht der Stadt Tallinn zu wenden. Streitigkeiten werden gem\u00e4\u00df der Gesetzgebung der Republik Estland gel\u00f6st.<\/p>\n","protected":false},"excerpt":{"rendered":"<p>1. Allgemeine Bestimmungen und Bedingungen 1.1. Diese Verkaufsbedingungen gelten f\u00fcr alle Parteien des Kauf- und Verkaufsgesch\u00e4fts zwischen dem K\u00e4ufer und<\/p>\n","protected":false},"author":3,"featured_media":0,"parent":0,"menu_order":0,"comment_status":"closed","ping_status":"closed","template":"","meta":{"footnotes":""},"class_list":["post-29017","page","type-page","status-publish","hentry"],"_links":{"self":[{"href":"https:\/\/conoscanopy.com\/de\/wp-json\/wp\/v2\/pages\/29017","targetHints":{"allow":["GET"]}}],"collection":[{"href":"https:\/\/conoscanopy.com\/de\/wp-json\/wp\/v2\/pages"}],"about":[{"href":"https:\/\/conoscanopy.com\/de\/wp-json\/wp\/v2\/types\/page"}],"author":[{"embeddable":true,"href":"https:\/\/conoscanopy.com\/de\/wp-json\/wp\/v2\/users\/3"}],"replies":[{"embeddable":true,"href":"https:\/\/conoscanopy.com\/de\/wp-json\/wp\/v2\/comments?post=29017"}],"version-history":[{"count":10,"href":"https:\/\/conoscanopy.com\/de\/wp-json\/wp\/v2\/pages\/29017\/revisions"}],"predecessor-version":[{"id":29947,"href":"https:\/\/conoscanopy.com\/de\/wp-json\/wp\/v2\/pages\/29017\/revisions\/29947"}],"wp:attachment":[{"href":"https:\/\/conoscanopy.com\/de\/wp-json\/wp\/v2\/media?parent=29017"}],"curies":[{"name":"wp","href":"https:\/\/api.w.org\/{rel}","templated":true}]}}